{"id":12486,"date":"2023-06-15T15:52:10","date_gmt":"2023-06-15T13:52:10","guid":{"rendered":"https:\/\/lock4safe.com\/?page_id=12486"},"modified":"2023-07-06T13:26:36","modified_gmt":"2023-07-06T11:26:36","slug":"report","status":"publish","type":"page","link":"https:\/\/lock4safe.com\/en\/report\/","title":{"rendered":"Report"},"content":{"rendered":"<div  class='flex_column av-av_three_fifth-a93934ecd89fbb8a9566d39e89cd3725 av_three_fifth  avia-builder-el-0  el_before_av_three_fourth  avia-builder-el-first  first flex_column_div  '     ><p>\n<style type=\"text\/css\" data-created_by=\"avia_inline_auto\" id=\"style-css-av-av_heading-b6e71f5c186c938c38a17c5352358703\">\n#top .av-special-heading.av-av_heading-b6e71f5c186c938c38a17c5352358703{\nmargin:0 0 0 0;\npadding-bottom:0;\nfont-size:50px;\n}\nbody .av-special-heading.av-av_heading-b6e71f5c186c938c38a17c5352358703 .av-special-heading-tag .heading-char{\nfont-size:25px;\n}\n#top #wrap_all .av-special-heading.av-av_heading-b6e71f5c186c938c38a17c5352358703 .av-special-heading-tag{\nfont-size:50px;\n}\n.av-special-heading.av-av_heading-b6e71f5c186c938c38a17c5352358703 .av-subheading{\nfont-size:30px;\n}\n\n@media only screen and (max-width: 479px){ \n#top #wrap_all .av-special-heading.av-av_heading-b6e71f5c186c938c38a17c5352358703 .av-special-heading-tag{\nfont-size:35px;\n}\n}\n\n@media only screen and (min-width: 480px) and (max-width: 767px){ \n#top #wrap_all .av-special-heading.av-av_heading-b6e71f5c186c938c38a17c5352358703 .av-special-heading-tag{\nfont-size:0.8em;\n}\n}\n<\/style>\n<div  class='av-special-heading av-av_heading-b6e71f5c186c938c38a17c5352358703 av-special-heading-h2 blockquote modern-quote  avia-builder-el-1  el_before_av_textblock  avia-builder-el-first  av-inherit-size av-linked-heading'><h2 class='av-special-heading-tag '  itemprop=\"headline\"  >Complaint<\/h2><div class='av-subheading av-subheading_below'><p>Report your Safe lock here before you send it back to us.<\/p>\n<\/div><div class=\"special-heading-border\"><div class=\"special-heading-inner-border\"><\/div><\/div><\/div><br \/>\n<section  class='av_textblock_section av-av_textblock-7a1af7d8f9790576b1769c0a9f0449ed '   itemscope=\"itemscope\" itemtype=\"https:\/\/schema.org\/CreativeWork\" ><div class='avia_textblock'  itemprop=\"text\" ><section class=\"av_textblock_section av-lcrkxq03-a2ef909e69ce78beb868ab5b52102a2a\">\n<div class=\"avia_textblock av_inherit_color\">\n<p><strong> <br class=\"avia-permanent-lb\" \/>Return multiple locks? <br class=\"avia-permanent-lb\" \/><\/strong>Please fill out the form for each lock separately. <br class=\"avia-permanent-lb\" \/><br class=\"avia-permanent-lb\" \/><br class=\"avia-permanent-lb\" \/><\/p>\n<\/div>\n<\/section>\n<\/div><\/section><\/p><\/div>\n<div  class='flex_column av-av_three_fourth-7714eba142aeda1f8b5272a3c372b279 av_three_fourth  avia-builder-el-3  el_after_av_three_fifth  el_before_av_three_fifth  first flex_column_div  '     ><\/div>\n<div  class='flex_column av-av_three_fifth-a93934ecd89fbb8a9566d39e89cd3725 av_three_fifth  avia-builder-el-5  el_after_av_three_fourth  el_before_av_hr  first flex_column_div  column-top-margin'     ><section  class='av_textblock_section av-ljr2aebx-ebed6ed75f77eb9ca4301b59f6a155da '   itemscope=\"itemscope\" itemtype=\"https:\/\/schema.org\/CreativeWork\" ><div class='avia_textblock'  itemprop=\"text\" ><h3 class=\"av_textblock_section av-lcrkxq03-a2ef909e69ce78beb868ab5b52102a2a\"><br class=\"avia-permanent-lb\" \/>Return shipping address<\/h3>\n<section><\/section>\n<section class=\"av_textblock_section av-lcrkxq03-a2ef909e69ce78beb868ab5b52102a2a\">Lock4Safe B.V.<br \/>\nWarehouse Germany<br \/>\nvan-Houten-Str. 1<br \/>\n47533 Kleve<br \/>\nGermany<\/p>\n<h4>Service questions?<\/h4>\n<p>Telephone: +49 (0)2821 973690<br \/>\nE-Mail: service@lock4safe.com<\/p>\n<\/section>\n<\/div><\/section><\/div>\n<style type=\"text\/css\" data-created_by=\"avia_inline_auto\" id=\"style-css-av-av_hr-3a876428eececa9d35452247ddb053af\">\n#top .hr.hr-invisible.av-av_hr-3a876428eececa9d35452247ddb053af{\nheight:50px;\n}\n<\/style>\n<div  class='hr av-av_hr-3a876428eececa9d35452247ddb053af hr-invisible  avia-builder-el-7  el_after_av_three_fifth  el_before_av_section  avia-builder-el-last '><span class='hr-inner '><span class=\"hr-inner-style\"><\/span><\/span><\/div><\/p>\n<\/div><\/div><\/div><!-- close content main div --><\/div><\/div>\n<style type=\"text\/css\" data-created_by=\"avia_inline_auto\" id=\"style-css-av-av_section-082d017e2621cbaff8b0da3a358507a4\">\n.avia-section.av-av_section-082d017e2621cbaff8b0da3a358507a4{\nbackground-color:#002c57;\nbackground:linear-gradient( to top right, #002c57, #002c57 );\n}\n<\/style>\n<div id='av_section_1'  class='avia-section av-av_section-082d017e2621cbaff8b0da3a358507a4 main_color avia-section-default avia-no-border-styling  avia-builder-el-8  el_after_av_hr  avia-builder-el-last  action avia-bg-style-scroll container_wrap fullsize'  ><div class='container av-section-cont-open' ><div class='template-page content  av-content-full alpha units'><div class='post-entry post-entry-type-page post-entry-9694'><div class='entry-content-wrapper clearfix'>\n<div class='flex_column_table av-av_one_full-36775a5ee68d8dbd984a56a25844e4e2 sc-av_one_full av-equal-height-column-flextable'>\n<style type=\"text\/css\" data-created_by=\"avia_inline_auto\" id=\"style-css-av-av_one_full-36775a5ee68d8dbd984a56a25844e4e2\">\n.flex_column.av-av_one_full-36775a5ee68d8dbd984a56a25844e4e2{\nborder-radius:0px 0px 0px 0px;\npadding:0px 0px 0px 0px;\n}\n<\/style>\n<div  class='flex_column av-av_one_full-36775a5ee68d8dbd984a56a25844e4e2 av_one_full  avia-builder-el-9  avia-builder-el-no-sibling  first flex_column_table_cell av-equal-height-column av-align-middle av-zero-column-padding  '     ><p>\n<style type=\"text\/css\" data-created_by=\"avia_inline_auto\" id=\"style-css-av-av_heading-33705f411135d680bc999444ebb6c6db\">\n#top .av-special-heading.av-av_heading-33705f411135d680bc999444ebb6c6db{\npadding-bottom:30px;\ncolor:#ffffff;\nfont-size:27px;\n}\nbody .av-special-heading.av-av_heading-33705f411135d680bc999444ebb6c6db .av-special-heading-tag .heading-char{\nfont-size:25px;\n}\n#top #wrap_all .av-special-heading.av-av_heading-33705f411135d680bc999444ebb6c6db .av-special-heading-tag{\nfont-size:27px;\n}\n.av-special-heading.av-av_heading-33705f411135d680bc999444ebb6c6db .special-heading-inner-border{\nborder-color:#ffffff;\n}\n.av-special-heading.av-av_heading-33705f411135d680bc999444ebb6c6db .av-subheading{\nfont-size:20px;\n}\n\n@media only screen and (min-width: 480px) and (max-width: 767px){ \n#top #wrap_all .av-special-heading.av-av_heading-33705f411135d680bc999444ebb6c6db .av-special-heading-tag{\nfont-size:0.8em;\n}\n}\n\n@media only screen and (max-width: 479px){ \n#top #wrap_all .av-special-heading.av-av_heading-33705f411135d680bc999444ebb6c6db .av-special-heading-tag{\nfont-size:0.8em;\n}\n}\n<\/style>\n<div  class='av-special-heading av-av_heading-33705f411135d680bc999444ebb6c6db av-special-heading-h4 custom-color-heading blockquote modern-quote modern-centered  avia-builder-el-10  el_before_av_button  avia-builder-el-first  av-inherit-size'><h4 class='av-special-heading-tag '  itemprop=\"headline\"  >Do you have questions regarding this product?<\/h4><div class='av_custom_color av-subheading av-subheading_below'><p>Get in touch with us, we will be happy to advise you without any obligation.<\/p>\n<\/div><div class=\"special-heading-border\"><div class=\"special-heading-inner-border\"><\/div><\/div><\/div><br \/>\n<div  class='avia-button-wrap av-av_button-b6150531ca3d2947ce861869464744b9-wrap avia-button-center  avia-builder-el-11  el_after_av_heading  avia-builder-el-last '>\n<style type=\"text\/css\" data-created_by=\"avia_inline_auto\" id=\"style-css-av-av_button-b6150531ca3d2947ce861869464744b9\">\n#top #wrap_all .avia-button.av-av_button-b6150531ca3d2947ce861869464744b9{\nbackground-color:#ffffff;\nborder-color:#ffffff;\ncolor:#000000;\ntransition:all 0.4s ease-in-out;\n}\n#top #wrap_all .avia-button.av-av_button-b6150531ca3d2947ce861869464744b9 .avia-svg-icon svg:first-child{\nfill:#000000;\nstroke:#000000;\n}\n<\/style>\n<a href='https:\/\/lock4safe.com\/en\/contact\/'  class='avia-button av-av_button-b6150531ca3d2947ce861869464744b9 av-link-btn avia-icon_select-yes-right-icon avia-size-large avia-position-center av-icon-on-hover'   aria-label=\"Contact form\"><span class='avia_iconbox_title' >Contact form<\/span><span class='avia_button_icon avia_button_icon_right avia-iconfont avia-font-entypo-fontello' data-av_icon='\ue879' data-av_iconfont='entypo-fontello' ><\/span><\/a><\/div><\/p><\/div><\/div><!--close column table wrapper. Autoclose: 1 -->\n\n","protected":false},"excerpt":{"rendered":"","protected":false},"author":6,"featured_media":0,"parent":0,"menu_order":0,"comment_status":"closed","ping_status":"closed","template":"","meta":{"_monsterinsights_skip_tracking":false,"_monsterinsights_sitenote_active":false,"_monsterinsights_sitenote_note":"","_monsterinsights_sitenote_category":0,"footnotes":""},"class_list":["post-12486","page","type-page","status-publish","hentry"],"yoast_head":"<!-- This site is optimized with the Yoast SEO plugin v27.3 - https:\/\/yoast.com\/product\/yoast-seo-wordpress\/ -->\n<title>Report - Lock4Safe | Tresorschl\u00f6sser und Sicherheitstechnik f\u00fcr Tresore<\/title>\n<meta name=\"robots\" content=\"index, follow, max-snippet:-1, max-image-preview:large, max-video-preview:-1\" \/>\n<link rel=\"canonical\" href=\"https:\/\/lock4safe.com\/en\/report\/\" \/>\n<meta property=\"og:locale\" content=\"en_US\" \/>\n<meta property=\"og:type\" content=\"article\" \/>\n<meta property=\"og:title\" content=\"Report - Lock4Safe | Tresorschl\u00f6sser und Sicherheitstechnik f\u00fcr Tresore\" \/>\n<meta property=\"og:url\" content=\"https:\/\/lock4safe.com\/en\/report\/\" \/>\n<meta property=\"og:site_name\" content=\"Lock4Safe | Tresorschl\u00f6sser und Sicherheitstechnik f\u00fcr Tresore\" \/>\n<meta property=\"article:modified_time\" content=\"2023-07-06T11:26:36+00:00\" \/>\n<meta name=\"twitter:card\" content=\"summary_large_image\" \/>\n<meta name=\"twitter:label1\" content=\"Est. reading time\" \/>\n\t<meta name=\"twitter:data1\" content=\"4 minutes\" \/>\n<script type=\"application\/ld+json\" class=\"yoast-schema-graph\">{\"@context\":\"https:\\\/\\\/schema.org\",\"@graph\":[{\"@type\":\"WebPage\",\"@id\":\"https:\\\/\\\/lock4safe.com\\\/en\\\/report\\\/\",\"url\":\"https:\\\/\\\/lock4safe.com\\\/en\\\/report\\\/\",\"name\":\"Report - Lock4Safe | Tresorschl\u00f6sser und Sicherheitstechnik f\u00fcr Tresore\",\"isPartOf\":{\"@id\":\"https:\\\/\\\/lock4safe.com\\\/#website\"},\"datePublished\":\"2023-06-15T13:52:10+00:00\",\"dateModified\":\"2023-07-06T11:26:36+00:00\",\"breadcrumb\":{\"@id\":\"https:\\\/\\\/lock4safe.com\\\/en\\\/report\\\/#breadcrumb\"},\"inLanguage\":\"en-US\",\"potentialAction\":[{\"@type\":\"ReadAction\",\"target\":[\"https:\\\/\\\/lock4safe.com\\\/en\\\/report\\\/\"]}]},{\"@type\":\"BreadcrumbList\",\"@id\":\"https:\\\/\\\/lock4safe.com\\\/en\\\/report\\\/#breadcrumb\",\"itemListElement\":[{\"@type\":\"ListItem\",\"position\":1,\"name\":\"Startseite\",\"item\":\"https:\\\/\\\/lock4safe.com\\\/en\\\/safe-locks-and-security-systems\\\/\"},{\"@type\":\"ListItem\",\"position\":2,\"name\":\"Report\"}]},{\"@type\":\"WebSite\",\"@id\":\"https:\\\/\\\/lock4safe.com\\\/#website\",\"url\":\"https:\\\/\\\/lock4safe.com\\\/\",\"name\":\"Lock4Safe | Tresorschl\u00f6sser und Sicherheitstechnik f\u00fcr Tresore\",\"description\":\"Elektronische Tresorschl\u00f6sser - Mechanische Tresorchl\u00f6sser - Tresorschlosszubeh\u00f6r - Sicherheitstechnik \u2013 Tresorumr\u00fcstung\",\"potentialAction\":[{\"@type\":\"SearchAction\",\"target\":{\"@type\":\"EntryPoint\",\"urlTemplate\":\"https:\\\/\\\/lock4safe.com\\\/?s={search_term_string}\"},\"query-input\":{\"@type\":\"PropertyValueSpecification\",\"valueRequired\":true,\"valueName\":\"search_term_string\"}}],\"inLanguage\":\"en-US\"}]}<\/script>\n<!-- \/ Yoast SEO plugin. -->","yoast_head_json":{"title":"Report - Lock4Safe | Tresorschl\u00f6sser und Sicherheitstechnik f\u00fcr Tresore","robots":{"index":"index","follow":"follow","max-snippet":"max-snippet:-1","max-image-preview":"max-image-preview:large","max-video-preview":"max-video-preview:-1"},"canonical":"https:\/\/lock4safe.com\/en\/report\/","og_locale":"en_US","og_type":"article","og_title":"Report - Lock4Safe | Tresorschl\u00f6sser und Sicherheitstechnik f\u00fcr Tresore","og_url":"https:\/\/lock4safe.com\/en\/report\/","og_site_name":"Lock4Safe | Tresorschl\u00f6sser und Sicherheitstechnik f\u00fcr Tresore","article_modified_time":"2023-07-06T11:26:36+00:00","twitter_card":"summary_large_image","twitter_misc":{"Est. reading time":"4 minutes"},"schema":{"@context":"https:\/\/schema.org","@graph":[{"@type":"WebPage","@id":"https:\/\/lock4safe.com\/en\/report\/","url":"https:\/\/lock4safe.com\/en\/report\/","name":"Report - Lock4Safe | Tresorschl\u00f6sser und Sicherheitstechnik f\u00fcr Tresore","isPartOf":{"@id":"https:\/\/lock4safe.com\/#website"},"datePublished":"2023-06-15T13:52:10+00:00","dateModified":"2023-07-06T11:26:36+00:00","breadcrumb":{"@id":"https:\/\/lock4safe.com\/en\/report\/#breadcrumb"},"inLanguage":"en-US","potentialAction":[{"@type":"ReadAction","target":["https:\/\/lock4safe.com\/en\/report\/"]}]},{"@type":"BreadcrumbList","@id":"https:\/\/lock4safe.com\/en\/report\/#breadcrumb","itemListElement":[{"@type":"ListItem","position":1,"name":"Startseite","item":"https:\/\/lock4safe.com\/en\/safe-locks-and-security-systems\/"},{"@type":"ListItem","position":2,"name":"Report"}]},{"@type":"WebSite","@id":"https:\/\/lock4safe.com\/#website","url":"https:\/\/lock4safe.com\/","name":"Lock4Safe | Tresorschl\u00f6sser und Sicherheitstechnik f\u00fcr Tresore","description":"Elektronische Tresorschl\u00f6sser - Mechanische Tresorchl\u00f6sser - Tresorschlosszubeh\u00f6r - Sicherheitstechnik \u2013 Tresorumr\u00fcstung","potentialAction":[{"@type":"SearchAction","target":{"@type":"EntryPoint","urlTemplate":"https:\/\/lock4safe.com\/?s={search_term_string}"},"query-input":{"@type":"PropertyValueSpecification","valueRequired":true,"valueName":"search_term_string"}}],"inLanguage":"en-US"}]}},"_links":{"self":[{"href":"https:\/\/lock4safe.com\/en\/wp-json\/wp\/v2\/pages\/12486","targetHints":{"allow":["GET"]}}],"collection":[{"href":"https:\/\/lock4safe.com\/en\/wp-json\/wp\/v2\/pages"}],"about":[{"href":"https:\/\/lock4safe.com\/en\/wp-json\/wp\/v2\/types\/page"}],"author":[{"embeddable":true,"href":"https:\/\/lock4safe.com\/en\/wp-json\/wp\/v2\/users\/6"}],"replies":[{"embeddable":true,"href":"https:\/\/lock4safe.com\/en\/wp-json\/wp\/v2\/comments?post=12486"}],"version-history":[{"count":3,"href":"https:\/\/lock4safe.com\/en\/wp-json\/wp\/v2\/pages\/12486\/revisions"}],"predecessor-version":[{"id":12566,"href":"https:\/\/lock4safe.com\/en\/wp-json\/wp\/v2\/pages\/12486\/revisions\/12566"}],"wp:attachment":[{"href":"https:\/\/lock4safe.com\/en\/wp-json\/wp\/v2\/media?parent=12486"}],"curies":[{"name":"wp","href":"https:\/\/api.w.org\/{rel}","templated":true}]}}