{"id":12417,"date":"2023-05-19T11:18:50","date_gmt":"2023-05-19T09:18:50","guid":{"rendered":"https:\/\/lock4safe.com\/?page_id=12417"},"modified":"2024-06-27T08:42:23","modified_gmt":"2024-06-27T06:42:23","slug":"locks-for-pickup-stations","status":"publish","type":"page","link":"https:\/\/lock4safe.com\/en\/locks-for-pickup-stations\/","title":{"rendered":"Locks for pickup stations"},"content":{"rendered":"<div id='av_section_1'  class='avia-section av-av_section-bbedcb0fc457d4319fdb5e628441284c main_color avia-section-default avia-no-border-styling  avia-builder-el-0  el_before_av_hr  avia-builder-el-first  avia-bg-style-scroll container_wrap fullsize'  ><div class='container av-section-cont-open' ><main  role=\"main\" itemprop=\"mainContentOfPage\"  class='template-page content  av-content-full alpha units'><div class='post-entry post-entry-type-page post-entry-9694'><div class='entry-content-wrapper clearfix'>\n\n<style type=\"text\/css\" data-created_by=\"avia_inline_auto\" id=\"style-css-av-lhucl8tb-927ef4c15924924db0c860955ba787b9\">\n#top .av-special-heading.av-lhucl8tb-927ef4c15924924db0c860955ba787b9{\nmargin:0 0 0 0;\npadding-bottom:10px;\nfont-size:50px;\n}\nbody .av-special-heading.av-lhucl8tb-927ef4c15924924db0c860955ba787b9 .av-special-heading-tag .heading-char{\nfont-size:25px;\n}\n#top #wrap_all .av-special-heading.av-lhucl8tb-927ef4c15924924db0c860955ba787b9 .av-special-heading-tag{\nfont-size:50px;\n}\n.av-special-heading.av-lhucl8tb-927ef4c15924924db0c860955ba787b9 .av-subheading{\nfont-size:30px;\n}\n\n@media only screen and (max-width: 479px){ \n#top #wrap_all .av-special-heading.av-lhucl8tb-927ef4c15924924db0c860955ba787b9 .av-special-heading-tag{\nfont-size:40px;\n}\n}\n\n@media only screen and (min-width: 480px) and (max-width: 767px){ \n#top #wrap_all .av-special-heading.av-lhucl8tb-927ef4c15924924db0c860955ba787b9 .av-special-heading-tag{\nfont-size:0.8em;\n}\n}\n<\/style>\n<div  class='av-special-heading av-lhucl8tb-927ef4c15924924db0c860955ba787b9 av-special-heading-h1 blockquote modern-quote  avia-builder-el-1  el_before_av_textblock  avia-builder-el-first  av-inherit-size av-linked-heading'><h1 class='av-special-heading-tag '  itemprop=\"headline\"  >Locks for pickup stations<\/h1><div class='av-subheading av-subheading_below'><p>Electronic locks with certified mechanics. Locks for pickup stations, ATMs, vending machines &#8230;<\/p>\n<\/div><div class=\"special-heading-border\"><div class=\"special-heading-inner-border\"><\/div><\/div><\/div>\n<section  class='av_textblock_section av-lxsuvkop-0c4e2b04da095c3ded23ba47e0c38d38 '   itemscope=\"itemscope\" itemtype=\"https:\/\/schema.org\/CreativeWork\" ><div class='avia_textblock'  itemprop=\"text\" ><p><br class=\"avia-permanent-lb\" \/>Versatile electronic locks, with DigiCom locks even featuring certified mechanics: Our locks for pick-up stations offer solutions for a wide range of applications, including vending machines, ATMs, cash recyclers and click &amp; collect stations.<\/p>\n<p>There are no limits to your imagination when integrating these electronic locks, regardless of whether they are used in self-checkout systems, vending machines or car-sharing systems: You decide how the locking and opening functions should be performed. Thanks to their interface, these locks offer a seamless connection to the electronics already installed in your developed system to enable convenient opening options directly via the existing code-entry options, such as keypads.<\/p>\n<p>Our technologies are flexible and versatile. Create your own processes and develop your own pick-up stations, self-service systems and vending machines according to your specific requirements. Or simply implement your customers&#8217; ideas by jointly determining which (digital) options can be used to open the locks (e.g. Apps). Benefit from the reliability and efficiency of these electronic locks.<\/p>\n<p>If you have any questions, we will be happy to help and advise you as usual. Do you need support or advice on programming your software interface to the lock? Get in touch with us! Further application options and information on our safe locks can be found directly below on the respective product pages.<\/p>\n<\/div><\/section>\n\n<style type=\"text\/css\" data-created_by=\"avia_inline_auto\" id=\"style-css-av-lxsumb7f-3f1438cac1f90d772542ada96d2ddfa4\">\n#top .hr.hr-invisible.av-lxsumb7f-3f1438cac1f90d772542ada96d2ddfa4{\nheight:65px;\n}\n<\/style>\n<div  class='hr av-lxsumb7f-3f1438cac1f90d772542ada96d2ddfa4 hr-invisible  avia-builder-el-3  el_after_av_textblock  el_before_av_one_half '><span class='hr-inner '><span class=\"hr-inner-style\"><\/span><\/span><\/div>\n\n<style type=\"text\/css\" data-created_by=\"avia_inline_auto\" id=\"style-css-av-av_one_half-1e26125d131ba13f1accaa8241be1528\">\n.flex_column.av-av_one_half-1e26125d131ba13f1accaa8241be1528{\nborder-radius:0px 0px 0px 0px;\npadding:0px 0px 0px 0px;\n}\n<\/style>\n<div  class='flex_column av-av_one_half-1e26125d131ba13f1accaa8241be1528 av_one_half  avia-builder-el-4  el_after_av_hr  el_before_av_one_half  first flex_column_div av-zero-column-padding  '     ><p>\n<style type=\"text\/css\" data-created_by=\"avia_inline_auto\" id=\"style-css-av-av_image-42eda7674178257160b504a5613d1513\">\n.avia-image-container.av-av_image-42eda7674178257160b504a5613d1513 img.avia_image{\nbox-shadow:none;\n}\n.avia-image-container.av-av_image-42eda7674178257160b504a5613d1513 .av-image-caption-overlay-center{\ncolor:#ffffff;\n}\n<\/style>\n<div  class='avia-image-container av-av_image-42eda7674178257160b504a5613d1513 av-styling- av-img-linked avia-align-center  avia-builder-el-5  el_before_av_textblock  avia-builder-el-first '   itemprop=\"image\" itemscope=\"itemscope\" itemtype=\"https:\/\/schema.org\/ImageObject\" ><div class=\"avia-image-container-inner\"><div class=\"avia-image-overlay-wrap\"><a href=\"https:\/\/lock4safe.com\/en\/portfolio-item\/safe-locks-with-serial-interface\/\" class='avia_image '  aria-label='DigiCom Schl\u00f6sser'><img decoding=\"async\" loading=\"lazy\" class='wp-image-9363 avia-img-lazy-loading-9363 avia_image ' src=\"https:\/\/lock4safe.com\/wp-content\/uploads\/2020\/01\/Kacheln8-3-1030x1030.jpg\" alt='smart lock, smart home, buy smart safe lock, integration with custom systems, lock programming, lock software developer, program lock yourself, lock raspberry pie, lock for indstrie, lock atm, lock atm, glory, glory machines, cash, machines' title='DigiCom Schl\u00f6sser'  height=\"1030\" width=\"1030\"  itemprop=\"thumbnailUrl\" srcset=\"https:\/\/lock4safe.com\/wp-content\/uploads\/2020\/01\/Kacheln8-3-1030x1030.jpg 1030w, https:\/\/lock4safe.com\/wp-content\/uploads\/2020\/01\/Kacheln8-3-300x300.jpg 300w, https:\/\/lock4safe.com\/wp-content\/uploads\/2020\/01\/Kacheln8-3-80x80.jpg 80w, https:\/\/lock4safe.com\/wp-content\/uploads\/2020\/01\/Kacheln8-3-768x768.jpg 768w, https:\/\/lock4safe.com\/wp-content\/uploads\/2020\/01\/Kacheln8-3-36x36.jpg 36w, https:\/\/lock4safe.com\/wp-content\/uploads\/2020\/01\/Kacheln8-3-180x180.jpg 180w, https:\/\/lock4safe.com\/wp-content\/uploads\/2020\/01\/Kacheln8-3-705x705.jpg 705w, https:\/\/lock4safe.com\/wp-content\/uploads\/2020\/01\/Kacheln8-3.jpg 1417w\" sizes=\"auto, (max-width: 1030px) 100vw, 1030px\" \/><\/a><\/div><\/div><\/div><br \/>\n<section  class='av_textblock_section av-lxsuny50-bd47eefd53c2756c603f3fbba751dff4 '   itemscope=\"itemscope\" itemtype=\"https:\/\/schema.org\/CreativeWork\" ><div class='avia_textblock'  itemprop=\"text\" ><p><strong> <br class=\"avia-permanent-lb\" \/>DigiCom locks with serial communication ports<\/strong><br \/>\nFor flexible integration. Ideal for manufacturers of individual valuables container. VdS-certified lock mechanics and control via your apps or entry units offer maximum security and user-friendliness according to your requirements. <a href=\"https:\/\/lock4safe.com\/en\/portfolio-item\/safe-locks-with-serial-interface\/\"><strong><u>(find out more here)<\/u><\/strong><\/a><\/p>\n<\/div><\/section><\/p><\/div>\n<style type=\"text\/css\" data-created_by=\"avia_inline_auto\" id=\"style-css-av-av_one_half-da852e3ef3e55b029d2629c41a20524d\">\n.flex_column.av-av_one_half-da852e3ef3e55b029d2629c41a20524d{\nborder-radius:0px 0px 0px 0px;\npadding:0px 0px 0px 0px;\n}\n<\/style>\n<div  class='flex_column av-av_one_half-da852e3ef3e55b029d2629c41a20524d av_one_half  avia-builder-el-7  el_after_av_one_half  avia-builder-el-last  flex_column_div av-zero-column-padding  '     ><p>\n<style type=\"text\/css\" data-created_by=\"avia_inline_auto\" id=\"style-css-av-av_image-c496a7ceba5f70286fa10a85180bc708\">\n.avia-image-container.av-av_image-c496a7ceba5f70286fa10a85180bc708 img.avia_image{\nbox-shadow:none;\n}\n.avia-image-container.av-av_image-c496a7ceba5f70286fa10a85180bc708 .av-image-caption-overlay-center{\ncolor:#ffffff;\n}\n<\/style>\n<div  class='avia-image-container av-av_image-c496a7ceba5f70286fa10a85180bc708 av-styling- av-img-linked avia-align-center  avia-builder-el-8  el_before_av_textblock  avia-builder-el-first '   itemprop=\"image\" itemscope=\"itemscope\" itemtype=\"https:\/\/schema.org\/ImageObject\" ><div class=\"avia-image-container-inner\"><div class=\"avia-image-overlay-wrap\"><a href=\"https:\/\/lock4safe.com\/en\/portfolio-item\/directactivation-safe-locks\/\" class='avia_image '  aria-label='DirectActivation'><img decoding=\"async\" loading=\"lazy\" class='wp-image-10019 avia-img-lazy-loading-10019 avia_image ' src=\"https:\/\/lock4safe.com\/wp-content\/uploads\/2022\/06\/Kacheln9-1030x1030.jpg\" alt='open lock, open safe, open valuables box, open lock without code, open safe without code, open lock electronically' title='DirectActivation'  height=\"1030\" width=\"1030\"  itemprop=\"thumbnailUrl\" srcset=\"https:\/\/lock4safe.com\/wp-content\/uploads\/2022\/06\/Kacheln9-1030x1030.jpg 1030w, https:\/\/lock4safe.com\/wp-content\/uploads\/2022\/06\/Kacheln9-300x300.jpg 300w, https:\/\/lock4safe.com\/wp-content\/uploads\/2022\/06\/Kacheln9-80x80.jpg 80w, https:\/\/lock4safe.com\/wp-content\/uploads\/2022\/06\/Kacheln9-768x768.jpg 768w, https:\/\/lock4safe.com\/wp-content\/uploads\/2022\/06\/Kacheln9-36x36.jpg 36w, https:\/\/lock4safe.com\/wp-content\/uploads\/2022\/06\/Kacheln9-180x180.jpg 180w, https:\/\/lock4safe.com\/wp-content\/uploads\/2022\/06\/Kacheln9-705x705.jpg 705w, https:\/\/lock4safe.com\/wp-content\/uploads\/2022\/06\/Kacheln9.jpg 1417w\" sizes=\"auto, (max-width: 1030px) 100vw, 1030px\" \/><\/a><\/div><\/div><\/div><br \/>\n<section  class='av_textblock_section av-lxsuo7c0-4b7bf1a2ccd44a28ae84c55972841cd7 '   itemscope=\"itemscope\" itemtype=\"https:\/\/schema.org\/CreativeWork\" ><div class='avia_textblock'  itemprop=\"text\" ><p><strong> <br class=\"avia-permanent-lb\" \/>DirectActivation locks<\/strong><br \/>\nSimple activation via electronic signals, ideal for developers of security and individual valuables container systems. No stored codes, direct activation via external power source. Perfect for integrated system electronics and reliable security solutions without complicated code management. <a href=\"https:\/\/lock4safe.com\/en\/portfolio-item\/directactivation-safe-locks\/\"><strong><u>(find out more here)<\/u><\/strong><\/a><\/p>\n<\/div><\/section><\/p><\/div><\/div><\/div><\/main><!-- close content main element --><\/div><\/div><div id='after_section_1'  class='main_color av_default_container_wrap container_wrap fullsize'  ><div class='container av-section-cont-open' ><div class='template-page content  av-content-full alpha units'><div class='post-entry post-entry-type-page post-entry-9694'><div class='entry-content-wrapper clearfix'>\n<style type=\"text\/css\" data-created_by=\"avia_inline_auto\" id=\"style-css-av-av_hr-3a876428eececa9d35452247ddb053af\">\n#top .hr.hr-invisible.av-av_hr-3a876428eececa9d35452247ddb053af{\nheight:50px;\n}\n<\/style>\n<div  class='hr av-av_hr-3a876428eececa9d35452247ddb053af hr-invisible  avia-builder-el-10  el_after_av_section  el_before_av_section  avia-builder-el-no-sibling '><span class='hr-inner '><span class=\"hr-inner-style\"><\/span><\/span><\/div><\/p>\n<\/div><\/div><\/div><!-- close content main div --><\/div><\/div>\n<style type=\"text\/css\" data-created_by=\"avia_inline_auto\" id=\"style-css-av-av_section-082d017e2621cbaff8b0da3a358507a4\">\n.avia-section.av-av_section-082d017e2621cbaff8b0da3a358507a4{\nbackground-color:#002c57;\nbackground:linear-gradient( to top right, #002c57, #002c57 );\n}\n<\/style>\n<div id='av_section_2'  class='avia-section av-av_section-082d017e2621cbaff8b0da3a358507a4 main_color avia-section-default avia-no-border-styling  avia-builder-el-11  el_after_av_hr  avia-builder-el-last  action avia-bg-style-scroll container_wrap fullsize'  ><div class='container av-section-cont-open' ><div class='template-page content  av-content-full alpha units'><div class='post-entry post-entry-type-page post-entry-9694'><div class='entry-content-wrapper clearfix'>\n<div class='flex_column_table av-av_one_full-36775a5ee68d8dbd984a56a25844e4e2 sc-av_one_full av-equal-height-column-flextable'>\n<style type=\"text\/css\" data-created_by=\"avia_inline_auto\" id=\"style-css-av-av_one_full-36775a5ee68d8dbd984a56a25844e4e2\">\n.flex_column.av-av_one_full-36775a5ee68d8dbd984a56a25844e4e2{\nborder-radius:0px 0px 0px 0px;\npadding:0px 0px 0px 0px;\n}\n<\/style>\n<div  class='flex_column av-av_one_full-36775a5ee68d8dbd984a56a25844e4e2 av_one_full  avia-builder-el-12  avia-builder-el-no-sibling  first flex_column_table_cell av-equal-height-column av-align-middle av-zero-column-padding  '     ><p>\n<style type=\"text\/css\" data-created_by=\"avia_inline_auto\" id=\"style-css-av-av_heading-de32aea712d849828a3f0fb7b38501a0\">\n#top .av-special-heading.av-av_heading-de32aea712d849828a3f0fb7b38501a0{\npadding-bottom:30px;\ncolor:#ffffff;\nfont-size:27px;\n}\nbody .av-special-heading.av-av_heading-de32aea712d849828a3f0fb7b38501a0 .av-special-heading-tag .heading-char{\nfont-size:25px;\n}\n#top #wrap_all .av-special-heading.av-av_heading-de32aea712d849828a3f0fb7b38501a0 .av-special-heading-tag{\nfont-size:27px;\n}\n.av-special-heading.av-av_heading-de32aea712d849828a3f0fb7b38501a0 .special-heading-inner-border{\nborder-color:#ffffff;\n}\n.av-special-heading.av-av_heading-de32aea712d849828a3f0fb7b38501a0 .av-subheading{\nfont-size:20px;\n}\n\n@media only screen and (min-width: 480px) and (max-width: 767px){ \n#top #wrap_all .av-special-heading.av-av_heading-de32aea712d849828a3f0fb7b38501a0 .av-special-heading-tag{\nfont-size:0.8em;\n}\n}\n\n@media only screen and (max-width: 479px){ \n#top #wrap_all .av-special-heading.av-av_heading-de32aea712d849828a3f0fb7b38501a0 .av-special-heading-tag{\nfont-size:0.8em;\n}\n}\n<\/style>\n<div  class='av-special-heading av-av_heading-de32aea712d849828a3f0fb7b38501a0 av-special-heading-h4 custom-color-heading blockquote modern-quote modern-centered  avia-builder-el-13  el_before_av_button  avia-builder-el-first  av-inherit-size'><h4 class='av-special-heading-tag '  itemprop=\"headline\"  >Do you have questions regarding this products?<\/h4><div class='av_custom_color av-subheading av-subheading_below'><p>Get in touch with us, we will be happy to advise you without any obligation.<\/p>\n<\/div><div class=\"special-heading-border\"><div class=\"special-heading-inner-border\"><\/div><\/div><\/div><br \/>\n<div  class='avia-button-wrap av-av_button-ca29dc7bfa430fff12c4942751dc1497-wrap avia-button-center  avia-builder-el-14  el_after_av_heading  avia-builder-el-last '>\n<style type=\"text\/css\" data-created_by=\"avia_inline_auto\" id=\"style-css-av-av_button-ca29dc7bfa430fff12c4942751dc1497\">\n#top #wrap_all .avia-button.av-av_button-ca29dc7bfa430fff12c4942751dc1497{\nbackground-color:#ffffff;\nborder-color:#ffffff;\ncolor:#000000;\ntransition:all 0.4s ease-in-out;\n}\n#top #wrap_all .avia-button.av-av_button-ca29dc7bfa430fff12c4942751dc1497 .avia-svg-icon svg:first-child{\nfill:#000000;\nstroke:#000000;\n}\n<\/style>\n<a href='https:\/\/lock4safe.com\/en\/contact\/'  class='avia-button av-av_button-ca29dc7bfa430fff12c4942751dc1497 av-link-btn avia-icon_select-yes-right-icon avia-size-large avia-position-center av-icon-on-hover'   aria-label=\"Contact options\"><span class='avia_iconbox_title' >Contact options<\/span><span class='avia_button_icon avia_button_icon_right avia-iconfont avia-font-entypo-fontello' data-av_icon='\ue879' data-av_iconfont='entypo-fontello' ><\/span><\/a><\/div><\/p><\/div><\/div><!--close column table wrapper. Autoclose: 1 -->\n\n","protected":false},"excerpt":{"rendered":"","protected":false},"author":6,"featured_media":8067,"parent":0,"menu_order":0,"comment_status":"closed","ping_status":"closed","template":"","meta":{"_monsterinsights_skip_tracking":false,"_monsterinsights_sitenote_active":false,"_monsterinsights_sitenote_note":"","_monsterinsights_sitenote_category":0,"footnotes":""},"class_list":["post-12417","page","type-page","status-publish","has-post-thumbnail","hentry"],"yoast_head":"<!-- This site is optimized with the Yoast SEO plugin v27.3 - https:\/\/yoast.com\/product\/yoast-seo-wordpress\/ -->\n<title>Locks for pickup stations | Lock4Safe<\/title>\n<meta name=\"description\" content=\"Lock4Safe - Locks for pickup stations. With certified mechanics for pick-up stations, ATMs, vending machines and cash recycler systems.\" \/>\n<meta name=\"robots\" content=\"index, follow, max-snippet:-1, max-image-preview:large, max-video-preview:-1\" \/>\n<link rel=\"canonical\" href=\"https:\/\/lock4safe.com\/en\/locks-for-pickup-stations\/\" \/>\n<meta property=\"og:locale\" content=\"en_US\" \/>\n<meta property=\"og:type\" content=\"article\" \/>\n<meta property=\"og:title\" content=\"Locks for pickup stations | Lock4Safe\" \/>\n<meta property=\"og:description\" content=\"Lock4Safe - Locks for pickup stations. With certified mechanics for pick-up stations, ATMs, vending machines and cash recycler systems.\" \/>\n<meta property=\"og:url\" content=\"https:\/\/lock4safe.com\/en\/locks-for-pickup-stations\/\" \/>\n<meta property=\"og:site_name\" content=\"Lock4Safe | Tresorschl\u00f6sser und Sicherheitstechnik f\u00fcr Tresore\" \/>\n<meta property=\"article:modified_time\" content=\"2024-06-27T06:42:23+00:00\" \/>\n<meta property=\"og:image\" content=\"https:\/\/lock4safe.com\/wp-content\/uploads\/2020\/01\/UR4020_UR4050_UR4060-A_UR2010-1.jpg\" \/>\n\t<meta property=\"og:image:width\" content=\"1667\" \/>\n\t<meta property=\"og:image:height\" content=\"1667\" \/>\n\t<meta property=\"og:image:type\" content=\"image\/jpeg\" \/>\n<meta name=\"twitter:card\" content=\"summary_large_image\" \/>\n<meta name=\"twitter:label1\" content=\"Est. reading time\" \/>\n\t<meta name=\"twitter:data1\" content=\"3 minutes\" \/>\n<script type=\"application\/ld+json\" class=\"yoast-schema-graph\">{\"@context\":\"https:\\\/\\\/schema.org\",\"@graph\":[{\"@type\":\"WebPage\",\"@id\":\"https:\\\/\\\/lock4safe.com\\\/en\\\/locks-for-pickup-stations\\\/\",\"url\":\"https:\\\/\\\/lock4safe.com\\\/en\\\/locks-for-pickup-stations\\\/\",\"name\":\"Locks for pickup stations | Lock4Safe\",\"isPartOf\":{\"@id\":\"https:\\\/\\\/lock4safe.com\\\/#website\"},\"primaryImageOfPage\":{\"@id\":\"https:\\\/\\\/lock4safe.com\\\/en\\\/locks-for-pickup-stations\\\/#primaryimage\"},\"image\":{\"@id\":\"https:\\\/\\\/lock4safe.com\\\/en\\\/locks-for-pickup-stations\\\/#primaryimage\"},\"thumbnailUrl\":\"https:\\\/\\\/lock4safe.com\\\/wp-content\\\/uploads\\\/2020\\\/01\\\/UR4020_UR4050_UR4060-A_UR2010-1.jpg\",\"datePublished\":\"2023-05-19T09:18:50+00:00\",\"dateModified\":\"2024-06-27T06:42:23+00:00\",\"description\":\"Lock4Safe - Locks for pickup stations. With certified mechanics for pick-up stations, ATMs, vending machines and cash recycler systems.\",\"breadcrumb\":{\"@id\":\"https:\\\/\\\/lock4safe.com\\\/en\\\/locks-for-pickup-stations\\\/#breadcrumb\"},\"inLanguage\":\"en-US\",\"potentialAction\":[{\"@type\":\"ReadAction\",\"target\":[\"https:\\\/\\\/lock4safe.com\\\/en\\\/locks-for-pickup-stations\\\/\"]}]},{\"@type\":\"ImageObject\",\"inLanguage\":\"en-US\",\"@id\":\"https:\\\/\\\/lock4safe.com\\\/en\\\/locks-for-pickup-stations\\\/#primaryimage\",\"url\":\"https:\\\/\\\/lock4safe.com\\\/wp-content\\\/uploads\\\/2020\\\/01\\\/UR4020_UR4050_UR4060-A_UR2010-1.jpg\",\"contentUrl\":\"https:\\\/\\\/lock4safe.com\\\/wp-content\\\/uploads\\\/2020\\\/01\\\/UR4020_UR4050_UR4060-A_UR2010-1.jpg\",\"width\":1667,\"height\":1667,\"caption\":\"Universalt Swingbolt lock\"},{\"@type\":\"BreadcrumbList\",\"@id\":\"https:\\\/\\\/lock4safe.com\\\/en\\\/locks-for-pickup-stations\\\/#breadcrumb\",\"itemListElement\":[{\"@type\":\"ListItem\",\"position\":1,\"name\":\"Startseite\",\"item\":\"https:\\\/\\\/lock4safe.com\\\/en\\\/safe-locks-and-security-systems\\\/\"},{\"@type\":\"ListItem\",\"position\":2,\"name\":\"Locks for pickup stations\"}]},{\"@type\":\"WebSite\",\"@id\":\"https:\\\/\\\/lock4safe.com\\\/#website\",\"url\":\"https:\\\/\\\/lock4safe.com\\\/\",\"name\":\"Lock4Safe | Tresorschl\u00f6sser und Sicherheitstechnik f\u00fcr Tresore\",\"description\":\"Elektronische Tresorschl\u00f6sser - Mechanische Tresorchl\u00f6sser - Tresorschlosszubeh\u00f6r - Sicherheitstechnik \u2013 Tresorumr\u00fcstung\",\"potentialAction\":[{\"@type\":\"SearchAction\",\"target\":{\"@type\":\"EntryPoint\",\"urlTemplate\":\"https:\\\/\\\/lock4safe.com\\\/?s={search_term_string}\"},\"query-input\":{\"@type\":\"PropertyValueSpecification\",\"valueRequired\":true,\"valueName\":\"search_term_string\"}}],\"inLanguage\":\"en-US\"}]}<\/script>\n<!-- \/ Yoast SEO plugin. -->","yoast_head_json":{"title":"Locks for pickup stations | Lock4Safe","description":"Lock4Safe - Locks for pickup stations. With certified mechanics for pick-up stations, ATMs, vending machines and cash recycler systems.","robots":{"index":"index","follow":"follow","max-snippet":"max-snippet:-1","max-image-preview":"max-image-preview:large","max-video-preview":"max-video-preview:-1"},"canonical":"https:\/\/lock4safe.com\/en\/locks-for-pickup-stations\/","og_locale":"en_US","og_type":"article","og_title":"Locks for pickup stations | Lock4Safe","og_description":"Lock4Safe - Locks for pickup stations. With certified mechanics for pick-up stations, ATMs, vending machines and cash recycler systems.","og_url":"https:\/\/lock4safe.com\/en\/locks-for-pickup-stations\/","og_site_name":"Lock4Safe | Tresorschl\u00f6sser und Sicherheitstechnik f\u00fcr Tresore","article_modified_time":"2024-06-27T06:42:23+00:00","og_image":[{"width":1667,"height":1667,"url":"https:\/\/lock4safe.com\/wp-content\/uploads\/2020\/01\/UR4020_UR4050_UR4060-A_UR2010-1.jpg","type":"image\/jpeg"}],"twitter_card":"summary_large_image","twitter_misc":{"Est. reading time":"3 minutes"},"schema":{"@context":"https:\/\/schema.org","@graph":[{"@type":"WebPage","@id":"https:\/\/lock4safe.com\/en\/locks-for-pickup-stations\/","url":"https:\/\/lock4safe.com\/en\/locks-for-pickup-stations\/","name":"Locks for pickup stations | Lock4Safe","isPartOf":{"@id":"https:\/\/lock4safe.com\/#website"},"primaryImageOfPage":{"@id":"https:\/\/lock4safe.com\/en\/locks-for-pickup-stations\/#primaryimage"},"image":{"@id":"https:\/\/lock4safe.com\/en\/locks-for-pickup-stations\/#primaryimage"},"thumbnailUrl":"https:\/\/lock4safe.com\/wp-content\/uploads\/2020\/01\/UR4020_UR4050_UR4060-A_UR2010-1.jpg","datePublished":"2023-05-19T09:18:50+00:00","dateModified":"2024-06-27T06:42:23+00:00","description":"Lock4Safe - Locks for pickup stations. With certified mechanics for pick-up stations, ATMs, vending machines and cash recycler systems.","breadcrumb":{"@id":"https:\/\/lock4safe.com\/en\/locks-for-pickup-stations\/#breadcrumb"},"inLanguage":"en-US","potentialAction":[{"@type":"ReadAction","target":["https:\/\/lock4safe.com\/en\/locks-for-pickup-stations\/"]}]},{"@type":"ImageObject","inLanguage":"en-US","@id":"https:\/\/lock4safe.com\/en\/locks-for-pickup-stations\/#primaryimage","url":"https:\/\/lock4safe.com\/wp-content\/uploads\/2020\/01\/UR4020_UR4050_UR4060-A_UR2010-1.jpg","contentUrl":"https:\/\/lock4safe.com\/wp-content\/uploads\/2020\/01\/UR4020_UR4050_UR4060-A_UR2010-1.jpg","width":1667,"height":1667,"caption":"Universalt Swingbolt lock"},{"@type":"BreadcrumbList","@id":"https:\/\/lock4safe.com\/en\/locks-for-pickup-stations\/#breadcrumb","itemListElement":[{"@type":"ListItem","position":1,"name":"Startseite","item":"https:\/\/lock4safe.com\/en\/safe-locks-and-security-systems\/"},{"@type":"ListItem","position":2,"name":"Locks for pickup stations"}]},{"@type":"WebSite","@id":"https:\/\/lock4safe.com\/#website","url":"https:\/\/lock4safe.com\/","name":"Lock4Safe | Tresorschl\u00f6sser und Sicherheitstechnik f\u00fcr Tresore","description":"Elektronische Tresorschl\u00f6sser - Mechanische Tresorchl\u00f6sser - Tresorschlosszubeh\u00f6r - Sicherheitstechnik \u2013 Tresorumr\u00fcstung","potentialAction":[{"@type":"SearchAction","target":{"@type":"EntryPoint","urlTemplate":"https:\/\/lock4safe.com\/?s={search_term_string}"},"query-input":{"@type":"PropertyValueSpecification","valueRequired":true,"valueName":"search_term_string"}}],"inLanguage":"en-US"}]}},"_links":{"self":[{"href":"https:\/\/lock4safe.com\/en\/wp-json\/wp\/v2\/pages\/12417","targetHints":{"allow":["GET"]}}],"collection":[{"href":"https:\/\/lock4safe.com\/en\/wp-json\/wp\/v2\/pages"}],"about":[{"href":"https:\/\/lock4safe.com\/en\/wp-json\/wp\/v2\/types\/page"}],"author":[{"embeddable":true,"href":"https:\/\/lock4safe.com\/en\/wp-json\/wp\/v2\/users\/6"}],"replies":[{"embeddable":true,"href":"https:\/\/lock4safe.com\/en\/wp-json\/wp\/v2\/comments?post=12417"}],"version-history":[{"count":12,"href":"https:\/\/lock4safe.com\/en\/wp-json\/wp\/v2\/pages\/12417\/revisions"}],"predecessor-version":[{"id":16111,"href":"https:\/\/lock4safe.com\/en\/wp-json\/wp\/v2\/pages\/12417\/revisions\/16111"}],"wp:featuredmedia":[{"embeddable":true,"href":"https:\/\/lock4safe.com\/en\/wp-json\/wp\/v2\/media\/8067"}],"wp:attachment":[{"href":"https:\/\/lock4safe.com\/en\/wp-json\/wp\/v2\/media?parent=12417"}],"curies":[{"name":"wp","href":"https:\/\/api.w.org\/{rel}","templated":true}]}}