{"id":12314,"date":"2023-05-16T16:25:35","date_gmt":"2023-05-16T14:25:35","guid":{"rendered":"https:\/\/lock4safe.com\/?page_id=12314"},"modified":"2024-10-10T13:25:28","modified_gmt":"2024-10-10T11:25:28","slug":"safe-locks-with-remote-management","status":"publish","type":"page","link":"https:\/\/lock4safe.com\/en\/safe-locks-with-remote-management\/","title":{"rendered":"Safe locks with remote management"},"content":{"rendered":"<div id='av_section_1'  class='avia-section av-av_section-bbedcb0fc457d4319fdb5e628441284c main_color avia-section-default avia-no-border-styling  avia-builder-el-0  el_before_av_hr  avia-builder-el-first  avia-bg-style-scroll container_wrap fullsize'  ><div class='container av-section-cont-open' ><main  role=\"main\" itemprop=\"mainContentOfPage\"  class='template-page content  av-content-full alpha units'><div class='post-entry post-entry-type-page post-entry-9694'><div class='entry-content-wrapper clearfix'>\n\n<style type=\"text\/css\" data-created_by=\"avia_inline_auto\" id=\"style-css-av-lhqd8d6y-6f3072aac069c06f9ce8d1e423f0a38a\">\n#top .av-special-heading.av-lhqd8d6y-6f3072aac069c06f9ce8d1e423f0a38a{\nmargin:0 0 0 0;\npadding-bottom:10px;\nfont-size:50px;\n}\nbody .av-special-heading.av-lhqd8d6y-6f3072aac069c06f9ce8d1e423f0a38a .av-special-heading-tag .heading-char{\nfont-size:25px;\n}\n#top #wrap_all .av-special-heading.av-lhqd8d6y-6f3072aac069c06f9ce8d1e423f0a38a .av-special-heading-tag{\nfont-size:50px;\n}\n.av-special-heading.av-lhqd8d6y-6f3072aac069c06f9ce8d1e423f0a38a .av-subheading{\nfont-size:30px;\n}\n\n@media only screen and (max-width: 479px){ \n#top #wrap_all .av-special-heading.av-lhqd8d6y-6f3072aac069c06f9ce8d1e423f0a38a .av-special-heading-tag{\nfont-size:40px;\n}\n}\n\n@media only screen and (min-width: 480px) and (max-width: 767px){ \n#top #wrap_all .av-special-heading.av-lhqd8d6y-6f3072aac069c06f9ce8d1e423f0a38a .av-special-heading-tag{\nfont-size:0.8em;\n}\n}\n<\/style>\n<div  class='av-special-heading av-lhqd8d6y-6f3072aac069c06f9ce8d1e423f0a38a av-special-heading-h1 blockquote modern-quote  avia-builder-el-1  el_before_av_textblock  avia-builder-el-first  av-inherit-size av-linked-heading'><h1 class='av-special-heading-tag '  itemprop=\"headline\"  >Safe locks with remote management<\/h1><div class='av-subheading av-subheading_below'><p>Certified safe locks with remote management: Management locks from a central point. Online.<\/p>\n<\/div><div class=\"special-heading-border\"><div class=\"special-heading-inner-border\"><\/div><\/div><\/div>\n<section  class='av_textblock_section av-lxohc893-b91ab1f68d4f01cff9c9a2bacd8ed0eb '   itemscope=\"itemscope\" itemtype=\"https:\/\/schema.org\/CreativeWork\" ><div class='avia_textblock'  itemprop=\"text\" ><p><br class=\"avia-permanent-lb\" \/>In today&#8217;s digital age, security solutions with online management are more in demand than ever. Remotely managed safe locks offer companies the opportunity to protect their valuables and sensitive information. These advanced systems combine traditional security mechanisms with modern technology and offer a variety of benefits in terms of time management and productivity.<\/p>\n<p>Thanks to these electronic safe locks, a safe management is possible from a central point throughout the company. This means that you can monitor and manage your safe locks in real time. This enables a rapid response to unforeseen security incidents, uncovers potential security gaps and thus minimises the risk of unauthorised access. Remote management also makes it possible to flexibly assign and withdraw access rights to the safe, which can be particularly important in large companies with many employees.<\/p>\n<p>In addition, these locks improve the efficiency and security of daily operations. With the ability to keep detailed access logs (audit), companies can always see who had access to the safe &#8211; with time and date. This not only increases transparency, but also the responsibility of the employees within the company who are responsible for the safe.<\/p>\n<p>In summary, electronic safe locks with remote management are a future-proof solution for companies looking to modernize their safe security measures while improving efficiency and control. Feel free to get in touch with us personally about this topic. We look forward to advise you how such a safe lock can also help your company.<\/p>\n<\/div><\/section>\n\n<style type=\"text\/css\" data-created_by=\"avia_inline_auto\" id=\"style-css-av-lxogvxch-1995f94b30126751cdb817f330baed4b\">\n#top .hr.hr-invisible.av-lxogvxch-1995f94b30126751cdb817f330baed4b{\nheight:65px;\n}\n<\/style>\n<div  class='hr av-lxogvxch-1995f94b30126751cdb817f330baed4b hr-invisible  avia-builder-el-3  el_after_av_textblock  el_before_av_one_half '><span class='hr-inner '><span class=\"hr-inner-style\"><\/span><\/span><\/div>\n\n<style type=\"text\/css\" data-created_by=\"avia_inline_auto\" id=\"style-css-av-av_one_half-cf70fea700bf22b629a8cd94f53cc2c3\">\n.flex_column.av-av_one_half-cf70fea700bf22b629a8cd94f53cc2c3{\nborder-radius:0px 0px 0px 0px;\npadding:0px 0px 0px 0px;\n}\n<\/style>\n<div  class='flex_column av-av_one_half-cf70fea700bf22b629a8cd94f53cc2c3 av_one_half  avia-builder-el-4  el_after_av_hr  el_before_av_one_half  first flex_column_div av-zero-column-padding  '     ><p>\n<style type=\"text\/css\" data-created_by=\"avia_inline_auto\" id=\"style-css-av-av_image-09d9c0122e1575b848b7a80888b16013\">\n.avia-image-container.av-av_image-09d9c0122e1575b848b7a80888b16013 img.avia_image{\nbox-shadow:none;\n}\n.avia-image-container.av-av_image-09d9c0122e1575b848b7a80888b16013 .av-image-caption-overlay-center{\ncolor:#ffffff;\n}\n<\/style>\n<div  class='avia-image-container av-av_image-09d9c0122e1575b848b7a80888b16013 av-styling- av-img-linked avia-align-center  avia-builder-el-5  el_before_av_textblock  avia-builder-el-first '   itemprop=\"image\" itemscope=\"itemscope\" itemtype=\"https:\/\/schema.org\/ImageObject\" ><div class=\"avia-image-container-inner\"><div class=\"avia-image-overlay-wrap\"><a href=\"https:\/\/lock4safe.com\/en\/portfolio-item\/tecnosicurezza-techmaster-safe-lock\/\" class='avia_image '  aria-label='Tecnosicurezza TechMaster'><img decoding=\"async\" loading=\"lazy\" class='wp-image-8265 avia-img-lazy-loading-8265 avia_image ' src=\"https:\/\/lock4safe.com\/wp-content\/uploads\/2020\/01\/Kacheln5-1-1030x1030.jpg\" alt='Tecnosicurezza TechMaster, TechMaster input unit, buy techmaster, techmaster tecno italy, entry unit for safes, buy techmaster safe lock, buy new safe lock' title='Tecnosicurezza TechMaster'  height=\"1030\" width=\"1030\"  itemprop=\"thumbnailUrl\" srcset=\"https:\/\/lock4safe.com\/wp-content\/uploads\/2020\/01\/Kacheln5-1-1030x1030.jpg 1030w, https:\/\/lock4safe.com\/wp-content\/uploads\/2020\/01\/Kacheln5-1-300x300.jpg 300w, https:\/\/lock4safe.com\/wp-content\/uploads\/2020\/01\/Kacheln5-1-80x80.jpg 80w, https:\/\/lock4safe.com\/wp-content\/uploads\/2020\/01\/Kacheln5-1-768x768.jpg 768w, https:\/\/lock4safe.com\/wp-content\/uploads\/2020\/01\/Kacheln5-1-36x36.jpg 36w, https:\/\/lock4safe.com\/wp-content\/uploads\/2020\/01\/Kacheln5-1-180x180.jpg 180w, https:\/\/lock4safe.com\/wp-content\/uploads\/2020\/01\/Kacheln5-1-705x705.jpg 705w, https:\/\/lock4safe.com\/wp-content\/uploads\/2020\/01\/Kacheln5-1.jpg 1417w\" sizes=\"auto, (max-width: 1030px) 100vw, 1030px\" \/><\/a><\/div><\/div><\/div><br \/>\n<section  class='av_textblock_section av-m0c5rn2v-0b16fdb6e1083736d439119d212a2826 '   itemscope=\"itemscope\" itemtype=\"https:\/\/schema.org\/CreativeWork\" ><div class='avia_textblock'  itemprop=\"text\" ><p><strong> <br class=\"avia-permanent-lb\" \/>Tecnosicurezza TechMaster safe lock<\/strong><br \/>\n2 Masters, 2 Managers, 1 Override manager code, 89 Useres, User groups, up to 40 Override codes. Perfect for retail and industry. Remote network management, one-time codes, delayed opening, time lock, audit, 4-eyes principle and much more. Maximum security, control and productivity in everyday working life. <a href=\"https:\/\/lock4safe.com\/en\/portfolio-item\/tecnosicurezza-techmaster-safe-lock\/\"><strong><u>(find out more here)<\/u><\/strong><\/a><\/p>\n<\/div><\/section><\/p><\/div>\n<style type=\"text\/css\" data-created_by=\"avia_inline_auto\" id=\"style-css-av-av_one_half-40c6d9705e245cc4e24c1d1367af6d93\">\n.flex_column.av-av_one_half-40c6d9705e245cc4e24c1d1367af6d93{\nborder-radius:0px 0px 0px 0px;\npadding:0px 0px 0px 0px;\n}\n<\/style>\n<div  class='flex_column av-av_one_half-40c6d9705e245cc4e24c1d1367af6d93 av_one_half  avia-builder-el-7  el_after_av_one_half  avia-builder-el-last  flex_column_div av-zero-column-padding  '     ><p>\n<style type=\"text\/css\" data-created_by=\"avia_inline_auto\" id=\"style-css-av-m0c5pfuo-89cda86dd36ed8386e8332fe90256783\">\n.avia-image-container.av-m0c5pfuo-89cda86dd36ed8386e8332fe90256783 img.avia_image{\nbox-shadow:none;\n}\n.avia-image-container.av-m0c5pfuo-89cda86dd36ed8386e8332fe90256783 .av-image-caption-overlay-center{\ncolor:#ffffff;\n}\n<\/style>\n<div  class='avia-image-container av-m0c5pfuo-89cda86dd36ed8386e8332fe90256783 av-styling- av-img-linked avia-align-center  avia-builder-el-8  el_before_av_textblock  avia-builder-el-first '   itemprop=\"image\" itemscope=\"itemscope\" itemtype=\"https:\/\/schema.org\/ImageObject\" ><div class=\"avia-image-container-inner\"><div class=\"avia-image-overlay-wrap\"><a href=\"https:\/\/lock4safe.com\/en\/portfolio-item\/mysafe-and-tecnosicurezza-pulse-pro\/\" class='avia_image '  aria-label='Tecnosicurezza TechMaster'><img decoding=\"async\" loading=\"lazy\" class='wp-image-14618 avia-img-lazy-loading-14618 avia_image ' src=\"https:\/\/lock4safe.com\/wp-content\/uploads\/2024\/10\/MySafe-1030x1030.jpg\" alt='Tecnosicurezza TechMaster, TechMaster input unit, buy techmaster, techmaster tecno italy, entry unit for safes, buy techmaster safe lock, buy new safe lock' title='Tecnosicurezza TechMaster'  height=\"1030\" width=\"1030\"  itemprop=\"thumbnailUrl\" srcset=\"https:\/\/lock4safe.com\/wp-content\/uploads\/2024\/10\/MySafe-1030x1030.jpg 1030w, https:\/\/lock4safe.com\/wp-content\/uploads\/2024\/10\/MySafe-300x300.jpg 300w, https:\/\/lock4safe.com\/wp-content\/uploads\/2024\/10\/MySafe-80x80.jpg 80w, https:\/\/lock4safe.com\/wp-content\/uploads\/2024\/10\/MySafe-768x768.jpg 768w, https:\/\/lock4safe.com\/wp-content\/uploads\/2024\/10\/MySafe-36x36.jpg 36w, https:\/\/lock4safe.com\/wp-content\/uploads\/2024\/10\/MySafe-180x180.jpg 180w, https:\/\/lock4safe.com\/wp-content\/uploads\/2024\/10\/MySafe-705x705.jpg 705w, https:\/\/lock4safe.com\/wp-content\/uploads\/2024\/10\/MySafe.jpg 1417w\" sizes=\"auto, (max-width: 1030px) 100vw, 1030px\" \/><\/a><\/div><\/div><\/div><br \/>\n<section  class='av_textblock_section av-m0c5pti9-a8ed5aa1052456c68da3760f4e549356 '   itemscope=\"itemscope\" itemtype=\"https:\/\/schema.org\/CreativeWork\" ><div class='avia_textblock'  itemprop=\"text\" ><p><strong> <br class=\"avia-permanent-lb\" \/>MySafe and Pulse PRO from Tecnosicurezza<\/strong><br \/>\n\u201cMySafe\u201d is an extension of the VdS-certified (class 2) high-security locking system \u2018Pulse PRO\u2019 from Tecnosicurezza. MySafe offers remote access to several functions of the lock via mobile devices and provides immediate information about who is interacting with the safe. <a href=\"https:\/\/lock4safe.com\/en\/portfolio-item\/mysafe-and-tecnosicurezza-pulse-pro\/\"><strong>(find out more here)<\/strong><\/a><\/p>\n<\/div><\/section><\/p><\/div><\/div><\/div><\/main><!-- close content main element --><\/div><\/div><div id='after_section_1'  class='main_color av_default_container_wrap container_wrap fullsize'  ><div class='container av-section-cont-open' ><div class='template-page content  av-content-full alpha units'><div class='post-entry post-entry-type-page post-entry-9694'><div class='entry-content-wrapper clearfix'>\n<style type=\"text\/css\" data-created_by=\"avia_inline_auto\" id=\"style-css-av-av_hr-3a876428eececa9d35452247ddb053af\">\n#top .hr.hr-invisible.av-av_hr-3a876428eececa9d35452247ddb053af{\nheight:50px;\n}\n<\/style>\n<div  class='hr av-av_hr-3a876428eececa9d35452247ddb053af hr-invisible  avia-builder-el-10  el_after_av_section  el_before_av_section  avia-builder-el-no-sibling '><span class='hr-inner '><span class=\"hr-inner-style\"><\/span><\/span><\/div><\/p>\n<\/div><\/div><\/div><!-- close content main div --><\/div><\/div>\n<style type=\"text\/css\" data-created_by=\"avia_inline_auto\" id=\"style-css-av-av_section-082d017e2621cbaff8b0da3a358507a4\">\n.avia-section.av-av_section-082d017e2621cbaff8b0da3a358507a4{\nbackground-color:#002c57;\nbackground:linear-gradient( to top right, #002c57, #002c57 );\n}\n<\/style>\n<div id='av_section_2'  class='avia-section av-av_section-082d017e2621cbaff8b0da3a358507a4 main_color avia-section-default avia-no-border-styling  avia-builder-el-11  el_after_av_hr  avia-builder-el-last  action avia-bg-style-scroll container_wrap fullsize'  ><div class='container av-section-cont-open' ><div class='template-page content  av-content-full alpha units'><div class='post-entry post-entry-type-page post-entry-9694'><div class='entry-content-wrapper clearfix'>\n<div class='flex_column_table av-av_one_full-36775a5ee68d8dbd984a56a25844e4e2 sc-av_one_full av-equal-height-column-flextable'>\n<style type=\"text\/css\" data-created_by=\"avia_inline_auto\" id=\"style-css-av-av_one_full-36775a5ee68d8dbd984a56a25844e4e2\">\n.flex_column.av-av_one_full-36775a5ee68d8dbd984a56a25844e4e2{\nborder-radius:0px 0px 0px 0px;\npadding:0px 0px 0px 0px;\n}\n<\/style>\n<div  class='flex_column av-av_one_full-36775a5ee68d8dbd984a56a25844e4e2 av_one_full  avia-builder-el-12  avia-builder-el-no-sibling  first flex_column_table_cell av-equal-height-column av-align-middle av-zero-column-padding  '     ><p>\n<style type=\"text\/css\" data-created_by=\"avia_inline_auto\" id=\"style-css-av-av_heading-de32aea712d849828a3f0fb7b38501a0\">\n#top .av-special-heading.av-av_heading-de32aea712d849828a3f0fb7b38501a0{\npadding-bottom:30px;\ncolor:#ffffff;\nfont-size:27px;\n}\nbody .av-special-heading.av-av_heading-de32aea712d849828a3f0fb7b38501a0 .av-special-heading-tag .heading-char{\nfont-size:25px;\n}\n#top #wrap_all .av-special-heading.av-av_heading-de32aea712d849828a3f0fb7b38501a0 .av-special-heading-tag{\nfont-size:27px;\n}\n.av-special-heading.av-av_heading-de32aea712d849828a3f0fb7b38501a0 .special-heading-inner-border{\nborder-color:#ffffff;\n}\n.av-special-heading.av-av_heading-de32aea712d849828a3f0fb7b38501a0 .av-subheading{\nfont-size:20px;\n}\n\n@media only screen and (min-width: 480px) and (max-width: 767px){ \n#top #wrap_all .av-special-heading.av-av_heading-de32aea712d849828a3f0fb7b38501a0 .av-special-heading-tag{\nfont-size:0.8em;\n}\n}\n\n@media only screen and (max-width: 479px){ \n#top #wrap_all .av-special-heading.av-av_heading-de32aea712d849828a3f0fb7b38501a0 .av-special-heading-tag{\nfont-size:0.8em;\n}\n}\n<\/style>\n<div  class='av-special-heading av-av_heading-de32aea712d849828a3f0fb7b38501a0 av-special-heading-h4 custom-color-heading blockquote modern-quote modern-centered  avia-builder-el-13  el_before_av_button  avia-builder-el-first  av-inherit-size'><h4 class='av-special-heading-tag '  itemprop=\"headline\"  >Do you have questions regarding this products?<\/h4><div class='av_custom_color av-subheading av-subheading_below'><p>Get in touch with us, we will be happy to advise you without any obligation.<\/p>\n<\/div><div class=\"special-heading-border\"><div class=\"special-heading-inner-border\"><\/div><\/div><\/div><br \/>\n<div  class='avia-button-wrap av-av_button-ca29dc7bfa430fff12c4942751dc1497-wrap avia-button-center  avia-builder-el-14  el_after_av_heading  avia-builder-el-last '>\n<style type=\"text\/css\" data-created_by=\"avia_inline_auto\" id=\"style-css-av-av_button-ca29dc7bfa430fff12c4942751dc1497\">\n#top #wrap_all .avia-button.av-av_button-ca29dc7bfa430fff12c4942751dc1497{\nbackground-color:#ffffff;\nborder-color:#ffffff;\ncolor:#000000;\ntransition:all 0.4s ease-in-out;\n}\n#top #wrap_all .avia-button.av-av_button-ca29dc7bfa430fff12c4942751dc1497 .avia-svg-icon svg:first-child{\nfill:#000000;\nstroke:#000000;\n}\n<\/style>\n<a href='https:\/\/lock4safe.com\/en\/contact\/'  class='avia-button av-av_button-ca29dc7bfa430fff12c4942751dc1497 av-link-btn avia-icon_select-yes-right-icon avia-size-large avia-position-center av-icon-on-hover'   aria-label=\"Contact options\"><span class='avia_iconbox_title' >Contact options<\/span><span class='avia_button_icon avia_button_icon_right avia-iconfont avia-font-entypo-fontello' data-av_icon='\ue879' data-av_iconfont='entypo-fontello' ><\/span><\/a><\/div><\/p><\/div><\/div><!--close column table wrapper. Autoclose: 1 -->\n\n","protected":false},"excerpt":{"rendered":"","protected":false},"author":6,"featured_media":9181,"parent":0,"menu_order":0,"comment_status":"closed","ping_status":"closed","template":"","meta":{"_monsterinsights_skip_tracking":false,"_monsterinsights_sitenote_active":false,"_monsterinsights_sitenote_note":"","_monsterinsights_sitenote_category":0,"footnotes":""},"class_list":["post-12314","page","type-page","status-publish","has-post-thumbnail","hentry"],"yoast_head":"<!-- This site is optimized with the Yoast SEO plugin v27.3 - https:\/\/yoast.com\/product\/yoast-seo-wordpress\/ -->\n<title>Safe locks with remote management | Lock4Safe<\/title>\n<meta name=\"description\" content=\"Lock4Safe - Safe locks remote management: Manage your safes online, with the Tecnosicurezza TechMaster and Coren PC software.\" \/>\n<meta name=\"robots\" content=\"index, follow, max-snippet:-1, max-image-preview:large, max-video-preview:-1\" \/>\n<link rel=\"canonical\" href=\"https:\/\/lock4safe.com\/en\/safe-locks-with-remote-management\/\" \/>\n<meta property=\"og:locale\" content=\"en_US\" \/>\n<meta property=\"og:type\" content=\"article\" \/>\n<meta property=\"og:title\" content=\"Safe locks with remote management | Lock4Safe\" \/>\n<meta property=\"og:description\" content=\"Lock4Safe - Safe locks remote management: Manage your safes online, with the Tecnosicurezza TechMaster and Coren PC software.\" \/>\n<meta property=\"og:url\" content=\"https:\/\/lock4safe.com\/en\/safe-locks-with-remote-management\/\" \/>\n<meta property=\"og:site_name\" content=\"Lock4Safe | Tresorschl\u00f6sser und Sicherheitstechnik f\u00fcr Tresore\" \/>\n<meta property=\"article:modified_time\" content=\"2024-10-10T11:25:28+00:00\" \/>\n<meta property=\"og:image\" content=\"https:\/\/lock4safe.com\/wp-content\/uploads\/2020\/01\/TechMaster-Dallas.jpg\" \/>\n\t<meta property=\"og:image:width\" content=\"1667\" \/>\n\t<meta property=\"og:image:height\" content=\"1667\" \/>\n\t<meta property=\"og:image:type\" content=\"image\/jpeg\" \/>\n<meta name=\"twitter:card\" content=\"summary_large_image\" \/>\n<meta name=\"twitter:label1\" content=\"Est. reading time\" \/>\n\t<meta name=\"twitter:data1\" content=\"3 minutes\" \/>\n<script type=\"application\/ld+json\" class=\"yoast-schema-graph\">{\"@context\":\"https:\\\/\\\/schema.org\",\"@graph\":[{\"@type\":\"WebPage\",\"@id\":\"https:\\\/\\\/lock4safe.com\\\/en\\\/safe-locks-with-remote-management\\\/\",\"url\":\"https:\\\/\\\/lock4safe.com\\\/en\\\/safe-locks-with-remote-management\\\/\",\"name\":\"Safe locks with remote management | Lock4Safe\",\"isPartOf\":{\"@id\":\"https:\\\/\\\/lock4safe.com\\\/#website\"},\"primaryImageOfPage\":{\"@id\":\"https:\\\/\\\/lock4safe.com\\\/en\\\/safe-locks-with-remote-management\\\/#primaryimage\"},\"image\":{\"@id\":\"https:\\\/\\\/lock4safe.com\\\/en\\\/safe-locks-with-remote-management\\\/#primaryimage\"},\"thumbnailUrl\":\"https:\\\/\\\/lock4safe.com\\\/wp-content\\\/uploads\\\/2020\\\/01\\\/TechMaster-Dallas.jpg\",\"datePublished\":\"2023-05-16T14:25:35+00:00\",\"dateModified\":\"2024-10-10T11:25:28+00:00\",\"description\":\"Lock4Safe - Safe locks remote management: Manage your safes online, with the Tecnosicurezza TechMaster and Coren PC software.\",\"breadcrumb\":{\"@id\":\"https:\\\/\\\/lock4safe.com\\\/en\\\/safe-locks-with-remote-management\\\/#breadcrumb\"},\"inLanguage\":\"en-US\",\"potentialAction\":[{\"@type\":\"ReadAction\",\"target\":[\"https:\\\/\\\/lock4safe.com\\\/en\\\/safe-locks-with-remote-management\\\/\"]}]},{\"@type\":\"ImageObject\",\"inLanguage\":\"en-US\",\"@id\":\"https:\\\/\\\/lock4safe.com\\\/en\\\/safe-locks-with-remote-management\\\/#primaryimage\",\"url\":\"https:\\\/\\\/lock4safe.com\\\/wp-content\\\/uploads\\\/2020\\\/01\\\/TechMaster-Dallas.jpg\",\"contentUrl\":\"https:\\\/\\\/lock4safe.com\\\/wp-content\\\/uploads\\\/2020\\\/01\\\/TechMaster-Dallas.jpg\",\"width\":1667,\"height\":1667,\"caption\":\"TechMaster (Dallas): Art.: T9530-DL-GR\"},{\"@type\":\"BreadcrumbList\",\"@id\":\"https:\\\/\\\/lock4safe.com\\\/en\\\/safe-locks-with-remote-management\\\/#breadcrumb\",\"itemListElement\":[{\"@type\":\"ListItem\",\"position\":1,\"name\":\"Startseite\",\"item\":\"https:\\\/\\\/lock4safe.com\\\/en\\\/safe-locks-and-security-systems\\\/\"},{\"@type\":\"ListItem\",\"position\":2,\"name\":\"Safe locks with remote management\"}]},{\"@type\":\"WebSite\",\"@id\":\"https:\\\/\\\/lock4safe.com\\\/#website\",\"url\":\"https:\\\/\\\/lock4safe.com\\\/\",\"name\":\"Lock4Safe | Tresorschl\u00f6sser und Sicherheitstechnik f\u00fcr Tresore\",\"description\":\"Elektronische Tresorschl\u00f6sser - Mechanische Tresorchl\u00f6sser - Tresorschlosszubeh\u00f6r - Sicherheitstechnik \u2013 Tresorumr\u00fcstung\",\"potentialAction\":[{\"@type\":\"SearchAction\",\"target\":{\"@type\":\"EntryPoint\",\"urlTemplate\":\"https:\\\/\\\/lock4safe.com\\\/?s={search_term_string}\"},\"query-input\":{\"@type\":\"PropertyValueSpecification\",\"valueRequired\":true,\"valueName\":\"search_term_string\"}}],\"inLanguage\":\"en-US\"}]}<\/script>\n<!-- \/ Yoast SEO plugin. -->","yoast_head_json":{"title":"Safe locks with remote management | Lock4Safe","description":"Lock4Safe - Safe locks remote management: Manage your safes online, with the Tecnosicurezza TechMaster and Coren PC software.","robots":{"index":"index","follow":"follow","max-snippet":"max-snippet:-1","max-image-preview":"max-image-preview:large","max-video-preview":"max-video-preview:-1"},"canonical":"https:\/\/lock4safe.com\/en\/safe-locks-with-remote-management\/","og_locale":"en_US","og_type":"article","og_title":"Safe locks with remote management | Lock4Safe","og_description":"Lock4Safe - Safe locks remote management: Manage your safes online, with the Tecnosicurezza TechMaster and Coren PC software.","og_url":"https:\/\/lock4safe.com\/en\/safe-locks-with-remote-management\/","og_site_name":"Lock4Safe | Tresorschl\u00f6sser und Sicherheitstechnik f\u00fcr Tresore","article_modified_time":"2024-10-10T11:25:28+00:00","og_image":[{"width":1667,"height":1667,"url":"https:\/\/lock4safe.com\/wp-content\/uploads\/2020\/01\/TechMaster-Dallas.jpg","type":"image\/jpeg"}],"twitter_card":"summary_large_image","twitter_misc":{"Est. reading time":"3 minutes"},"schema":{"@context":"https:\/\/schema.org","@graph":[{"@type":"WebPage","@id":"https:\/\/lock4safe.com\/en\/safe-locks-with-remote-management\/","url":"https:\/\/lock4safe.com\/en\/safe-locks-with-remote-management\/","name":"Safe locks with remote management | Lock4Safe","isPartOf":{"@id":"https:\/\/lock4safe.com\/#website"},"primaryImageOfPage":{"@id":"https:\/\/lock4safe.com\/en\/safe-locks-with-remote-management\/#primaryimage"},"image":{"@id":"https:\/\/lock4safe.com\/en\/safe-locks-with-remote-management\/#primaryimage"},"thumbnailUrl":"https:\/\/lock4safe.com\/wp-content\/uploads\/2020\/01\/TechMaster-Dallas.jpg","datePublished":"2023-05-16T14:25:35+00:00","dateModified":"2024-10-10T11:25:28+00:00","description":"Lock4Safe - Safe locks remote management: Manage your safes online, with the Tecnosicurezza TechMaster and Coren PC software.","breadcrumb":{"@id":"https:\/\/lock4safe.com\/en\/safe-locks-with-remote-management\/#breadcrumb"},"inLanguage":"en-US","potentialAction":[{"@type":"ReadAction","target":["https:\/\/lock4safe.com\/en\/safe-locks-with-remote-management\/"]}]},{"@type":"ImageObject","inLanguage":"en-US","@id":"https:\/\/lock4safe.com\/en\/safe-locks-with-remote-management\/#primaryimage","url":"https:\/\/lock4safe.com\/wp-content\/uploads\/2020\/01\/TechMaster-Dallas.jpg","contentUrl":"https:\/\/lock4safe.com\/wp-content\/uploads\/2020\/01\/TechMaster-Dallas.jpg","width":1667,"height":1667,"caption":"TechMaster (Dallas): Art.: T9530-DL-GR"},{"@type":"BreadcrumbList","@id":"https:\/\/lock4safe.com\/en\/safe-locks-with-remote-management\/#breadcrumb","itemListElement":[{"@type":"ListItem","position":1,"name":"Startseite","item":"https:\/\/lock4safe.com\/en\/safe-locks-and-security-systems\/"},{"@type":"ListItem","position":2,"name":"Safe locks with remote management"}]},{"@type":"WebSite","@id":"https:\/\/lock4safe.com\/#website","url":"https:\/\/lock4safe.com\/","name":"Lock4Safe | Tresorschl\u00f6sser und Sicherheitstechnik f\u00fcr Tresore","description":"Elektronische Tresorschl\u00f6sser - Mechanische Tresorchl\u00f6sser - Tresorschlosszubeh\u00f6r - Sicherheitstechnik \u2013 Tresorumr\u00fcstung","potentialAction":[{"@type":"SearchAction","target":{"@type":"EntryPoint","urlTemplate":"https:\/\/lock4safe.com\/?s={search_term_string}"},"query-input":{"@type":"PropertyValueSpecification","valueRequired":true,"valueName":"search_term_string"}}],"inLanguage":"en-US"}]}},"_links":{"self":[{"href":"https:\/\/lock4safe.com\/en\/wp-json\/wp\/v2\/pages\/12314","targetHints":{"allow":["GET"]}}],"collection":[{"href":"https:\/\/lock4safe.com\/en\/wp-json\/wp\/v2\/pages"}],"about":[{"href":"https:\/\/lock4safe.com\/en\/wp-json\/wp\/v2\/types\/page"}],"author":[{"embeddable":true,"href":"https:\/\/lock4safe.com\/en\/wp-json\/wp\/v2\/users\/6"}],"replies":[{"embeddable":true,"href":"https:\/\/lock4safe.com\/en\/wp-json\/wp\/v2\/comments?post=12314"}],"version-history":[{"count":15,"href":"https:\/\/lock4safe.com\/en\/wp-json\/wp\/v2\/pages\/12314\/revisions"}],"predecessor-version":[{"id":16145,"href":"https:\/\/lock4safe.com\/en\/wp-json\/wp\/v2\/pages\/12314\/revisions\/16145"}],"wp:featuredmedia":[{"embeddable":true,"href":"https:\/\/lock4safe.com\/en\/wp-json\/wp\/v2\/media\/9181"}],"wp:attachment":[{"href":"https:\/\/lock4safe.com\/en\/wp-json\/wp\/v2\/media?parent=12314"}],"curies":[{"name":"wp","href":"https:\/\/api.w.org\/{rel}","templated":true}]}}