{"id":12298,"date":"2023-05-16T16:01:32","date_gmt":"2023-05-16T14:01:32","guid":{"rendered":"https:\/\/lock4safe.com\/?page_id=12298"},"modified":"2024-06-25T10:38:40","modified_gmt":"2024-06-25T08:38:40","slug":"redundant-safe-locks","status":"publish","type":"page","link":"https:\/\/lock4safe.com\/en\/redundant-safe-locks\/","title":{"rendered":"Redundant safe locks"},"content":{"rendered":"<div id='av_section_1'  class='avia-section av-av_section-bbedcb0fc457d4319fdb5e628441284c main_color avia-section-default avia-no-border-styling  avia-builder-el-0  el_before_av_hr  avia-builder-el-first  avia-bg-style-scroll container_wrap fullsize'  ><div class='container av-section-cont-open' ><main  role=\"main\" itemprop=\"mainContentOfPage\"  class='template-page content  av-content-full alpha units'><div class='post-entry post-entry-type-page post-entry-9694'><div class='entry-content-wrapper clearfix'>\n\n<style type=\"text\/css\" data-created_by=\"avia_inline_auto\" id=\"style-css-av-lhqce8dn-beea6dcea398f002cb4bf6611e9a546b\">\n#top .av-special-heading.av-lhqce8dn-beea6dcea398f002cb4bf6611e9a546b{\nmargin:0 0 0 0;\npadding-bottom:10px;\nfont-size:50px;\n}\nbody .av-special-heading.av-lhqce8dn-beea6dcea398f002cb4bf6611e9a546b .av-special-heading-tag .heading-char{\nfont-size:25px;\n}\n#top #wrap_all .av-special-heading.av-lhqce8dn-beea6dcea398f002cb4bf6611e9a546b .av-special-heading-tag{\nfont-size:50px;\n}\n.av-special-heading.av-lhqce8dn-beea6dcea398f002cb4bf6611e9a546b .av-subheading{\nfont-size:30px;\n}\n\n@media only screen and (max-width: 479px){ \n#top #wrap_all .av-special-heading.av-lhqce8dn-beea6dcea398f002cb4bf6611e9a546b .av-special-heading-tag{\nfont-size:40px;\n}\n}\n\n@media only screen and (min-width: 480px) and (max-width: 767px){ \n#top #wrap_all .av-special-heading.av-lhqce8dn-beea6dcea398f002cb4bf6611e9a546b .av-special-heading-tag{\nfont-size:0.8em;\n}\n}\n<\/style>\n<div  class='av-special-heading av-lhqce8dn-beea6dcea398f002cb4bf6611e9a546b av-special-heading-h2 blockquote modern-quote  avia-builder-el-1  el_before_av_hr  avia-builder-el-first  av-inherit-size av-linked-heading'><h2 class='av-special-heading-tag '  itemprop=\"headline\"  >Redundant safe locks<\/h2><div class=\"special-heading-border\"><div class=\"special-heading-inner-border\"><\/div><\/div><\/div>\n\n<style type=\"text\/css\" data-created_by=\"avia_inline_auto\" id=\"style-css-av-av_hr-3a876428eececa9d35452247ddb053af\">\n#top .hr.hr-invisible.av-av_hr-3a876428eececa9d35452247ddb053af{\nheight:50px;\n}\n<\/style>\n<div  class='hr av-av_hr-3a876428eececa9d35452247ddb053af hr-invisible  avia-builder-el-2  el_after_av_heading  el_before_av_one_half '><span class='hr-inner '><span class=\"hr-inner-style\"><\/span><\/span><\/div>\n\n<style type=\"text\/css\" data-created_by=\"avia_inline_auto\" id=\"style-css-av-av_one_half-cf70fea700bf22b629a8cd94f53cc2c3\">\n.flex_column.av-av_one_half-cf70fea700bf22b629a8cd94f53cc2c3{\nborder-radius:0px 0px 0px 0px;\npadding:0px 0px 0px 0px;\n}\n<\/style>\n<div  class='flex_column av-av_one_half-cf70fea700bf22b629a8cd94f53cc2c3 av_one_half  avia-builder-el-3  el_after_av_hr  avia-builder-el-last  first flex_column_div av-zero-column-padding  '     ><p>\n<style type=\"text\/css\" data-created_by=\"avia_inline_auto\" id=\"style-css-av-lhqcf6pp-a522435f0aa43bfc8d5b3a1215d5b902\">\n.avia-image-container.av-lhqcf6pp-a522435f0aa43bfc8d5b3a1215d5b902 img.avia_image{\nbox-shadow:none;\n}\n.avia-image-container.av-lhqcf6pp-a522435f0aa43bfc8d5b3a1215d5b902 .av-image-caption-overlay-center{\ncolor:#ffffff;\n}\n<\/style>\n<div  class='avia-image-container av-lhqcf6pp-a522435f0aa43bfc8d5b3a1215d5b902 av-styling- av-img-linked avia-align-center  avia-builder-el-4  el_before_av_textblock  avia-builder-el-first '   itemprop=\"image\" itemscope=\"itemscope\" itemtype=\"https:\/\/schema.org\/ImageObject\" ><div class=\"avia-image-container-inner\"><div class=\"avia-image-overlay-wrap\"><a href=\"https:\/\/lock4safe.com\/en\/portfolio-item\/redundant-safe-lock-duet\/\" class='avia_image '  aria-label='Tecnosicurezza TouchManager'><img decoding=\"async\" loading=\"lazy\" class='wp-image-12292 avia-img-lazy-loading-12292 avia_image ' src=\"https:\/\/lock4safe.com\/wp-content\/uploads\/2023\/05\/Kacheln10-1030x1030.jpg\" alt='Tresor \u00f6ffnen, Tresor \u00f6ffnen ohne code, ohne code tresor offen, dallas schloss tresor, elektronische schl\u00fcssel tresor \u00f6ffnen, \u00f6ffnen tresor ohne code, tresor \u00f6ffnen ohne tastatur, touch tresor schloss' title='Tecnosicurezza TouchManager'  height=\"1030\" width=\"1030\"  itemprop=\"thumbnailUrl\" srcset=\"https:\/\/lock4safe.com\/wp-content\/uploads\/2023\/05\/Kacheln10-1030x1030.jpg 1030w, https:\/\/lock4safe.com\/wp-content\/uploads\/2023\/05\/Kacheln10-300x300.jpg 300w, https:\/\/lock4safe.com\/wp-content\/uploads\/2023\/05\/Kacheln10-80x80.jpg 80w, https:\/\/lock4safe.com\/wp-content\/uploads\/2023\/05\/Kacheln10-768x768.jpg 768w, https:\/\/lock4safe.com\/wp-content\/uploads\/2023\/05\/Kacheln10-36x36.jpg 36w, https:\/\/lock4safe.com\/wp-content\/uploads\/2023\/05\/Kacheln10-180x180.jpg 180w, https:\/\/lock4safe.com\/wp-content\/uploads\/2023\/05\/Kacheln10-705x705.jpg 705w, https:\/\/lock4safe.com\/wp-content\/uploads\/2023\/05\/Kacheln10.jpg 1417w\" sizes=\"auto, (max-width: 1030px) 100vw, 1030px\" \/><\/a><\/div><\/div><\/div><br \/>\n<section  class='av_textblock_section av-lxu5my6m-457eacfb0e98369db1114ce73f251d0c '   itemscope=\"itemscope\" itemtype=\"https:\/\/schema.org\/CreativeWork\" ><div class='avia_textblock'  itemprop=\"text\" ><p><strong> <br class=\"avia-permanent-lb\" \/>Redundant safe lock DUET<\/strong><br \/>\nRedundant electronic. Up to 2 or 10 users (HOME2, HOME10). Perfect for safes and gun cabinets. Reliable security even in the event of electronic failure. <a href=\"https:\/\/lock4safe.com\/en\/portfolio-item\/redundant-safe-lock-duet\/\"><strong><u>(find out more here)<\/u><\/strong><\/a><\/p>\n<\/div><\/section><\/p><\/div><\/div><\/div><\/main><!-- close content main element --><\/div><\/div><div id='after_section_1'  class='main_color av_default_container_wrap container_wrap fullsize'  ><div class='container av-section-cont-open' ><div class='template-page content  av-content-full alpha units'><div class='post-entry post-entry-type-page post-entry-9694'><div class='entry-content-wrapper clearfix'>\n<style type=\"text\/css\" data-created_by=\"avia_inline_auto\" id=\"style-css-av-av_hr-3a876428eececa9d35452247ddb053af\">\n#top .hr.hr-invisible.av-av_hr-3a876428eececa9d35452247ddb053af{\nheight:50px;\n}\n<\/style>\n<div  class='hr av-av_hr-3a876428eececa9d35452247ddb053af hr-invisible  avia-builder-el-6  el_after_av_section  avia-builder-el-no-sibling '><span class='hr-inner '><span class=\"hr-inner-style\"><\/span><\/span><\/div><\/p>\n","protected":false},"excerpt":{"rendered":"","protected":false},"author":6,"featured_media":8507,"parent":0,"menu_order":0,"comment_status":"closed","ping_status":"closed","template":"","meta":{"_monsterinsights_skip_tracking":false,"_monsterinsights_sitenote_active":false,"_monsterinsights_sitenote_note":"","_monsterinsights_sitenote_category":0,"footnotes":""},"class_list":["post-12298","page","type-page","status-publish","has-post-thumbnail","hentry"],"yoast_head":"<!-- This site is optimized with the Yoast SEO plugin v27.3 - https:\/\/yoast.com\/product\/yoast-seo-wordpress\/ -->\n<title>Redundant safe locks | Lock4Safe<\/title>\n<meta name=\"description\" content=\"Lock4Safe - The redundant safe lock DUET: combines a mechanical 4-wheel combination lock and an electronic lock in one housing.\" \/>\n<meta name=\"robots\" content=\"index, follow, max-snippet:-1, max-image-preview:large, max-video-preview:-1\" \/>\n<link rel=\"canonical\" href=\"https:\/\/lock4safe.com\/en\/redundant-safe-locks\/\" \/>\n<meta property=\"og:locale\" content=\"en_US\" \/>\n<meta property=\"og:type\" content=\"article\" \/>\n<meta property=\"og:title\" content=\"Redundant safe locks | Lock4Safe\" \/>\n<meta property=\"og:description\" content=\"Lock4Safe - The redundant safe lock DUET: combines a mechanical 4-wheel combination lock and an electronic lock in one housing.\" \/>\n<meta property=\"og:url\" content=\"https:\/\/lock4safe.com\/en\/redundant-safe-locks\/\" \/>\n<meta property=\"og:site_name\" content=\"Lock4Safe | Tresorschl\u00f6sser und Sicherheitstechnik f\u00fcr Tresore\" \/>\n<meta property=\"article:modified_time\" content=\"2024-06-25T08:38:40+00:00\" \/>\n<meta property=\"og:image\" content=\"https:\/\/lock4safe.com\/wp-content\/uploads\/2020\/01\/DI2015-1.jpg\" \/>\n\t<meta property=\"og:image:width\" content=\"1667\" \/>\n\t<meta property=\"og:image:height\" content=\"1667\" \/>\n\t<meta property=\"og:image:type\" content=\"image\/jpeg\" \/>\n<meta name=\"twitter:card\" content=\"summary_large_image\" \/>\n<meta name=\"twitter:label1\" content=\"Est. reading time\" \/>\n\t<meta name=\"twitter:data1\" content=\"1 minute\" \/>\n<script type=\"application\/ld+json\" class=\"yoast-schema-graph\">{\"@context\":\"https:\\\/\\\/schema.org\",\"@graph\":[{\"@type\":\"WebPage\",\"@id\":\"https:\\\/\\\/lock4safe.com\\\/en\\\/redundant-safe-locks\\\/\",\"url\":\"https:\\\/\\\/lock4safe.com\\\/en\\\/redundant-safe-locks\\\/\",\"name\":\"Redundant safe locks | Lock4Safe\",\"isPartOf\":{\"@id\":\"https:\\\/\\\/lock4safe.com\\\/#website\"},\"primaryImageOfPage\":{\"@id\":\"https:\\\/\\\/lock4safe.com\\\/en\\\/redundant-safe-locks\\\/#primaryimage\"},\"image\":{\"@id\":\"https:\\\/\\\/lock4safe.com\\\/en\\\/redundant-safe-locks\\\/#primaryimage\"},\"thumbnailUrl\":\"https:\\\/\\\/lock4safe.com\\\/wp-content\\\/uploads\\\/2020\\\/01\\\/DI2015-1.jpg\",\"datePublished\":\"2023-05-16T14:01:32+00:00\",\"dateModified\":\"2024-06-25T08:38:40+00:00\",\"description\":\"Lock4Safe - The redundant safe lock DUET: combines a mechanical 4-wheel combination lock and an electronic lock in one housing.\",\"breadcrumb\":{\"@id\":\"https:\\\/\\\/lock4safe.com\\\/en\\\/redundant-safe-locks\\\/#breadcrumb\"},\"inLanguage\":\"en-US\",\"potentialAction\":[{\"@type\":\"ReadAction\",\"target\":[\"https:\\\/\\\/lock4safe.com\\\/en\\\/redundant-safe-locks\\\/\"]}]},{\"@type\":\"ImageObject\",\"inLanguage\":\"en-US\",\"@id\":\"https:\\\/\\\/lock4safe.com\\\/en\\\/redundant-safe-locks\\\/#primaryimage\",\"url\":\"https:\\\/\\\/lock4safe.com\\\/wp-content\\\/uploads\\\/2020\\\/01\\\/DI2015-1.jpg\",\"contentUrl\":\"https:\\\/\\\/lock4safe.com\\\/wp-content\\\/uploads\\\/2020\\\/01\\\/DI2015-1.jpg\",\"width\":1667,\"height\":1667,\"caption\":\"DUET, plastic: Art.: DI2015\"},{\"@type\":\"BreadcrumbList\",\"@id\":\"https:\\\/\\\/lock4safe.com\\\/en\\\/redundant-safe-locks\\\/#breadcrumb\",\"itemListElement\":[{\"@type\":\"ListItem\",\"position\":1,\"name\":\"Startseite\",\"item\":\"https:\\\/\\\/lock4safe.com\\\/en\\\/safe-locks-and-security-systems\\\/\"},{\"@type\":\"ListItem\",\"position\":2,\"name\":\"Redundant safe locks\"}]},{\"@type\":\"WebSite\",\"@id\":\"https:\\\/\\\/lock4safe.com\\\/#website\",\"url\":\"https:\\\/\\\/lock4safe.com\\\/\",\"name\":\"Lock4Safe | Tresorschl\u00f6sser und Sicherheitstechnik f\u00fcr Tresore\",\"description\":\"Elektronische Tresorschl\u00f6sser - Mechanische Tresorchl\u00f6sser - Tresorschlosszubeh\u00f6r - Sicherheitstechnik \u2013 Tresorumr\u00fcstung\",\"potentialAction\":[{\"@type\":\"SearchAction\",\"target\":{\"@type\":\"EntryPoint\",\"urlTemplate\":\"https:\\\/\\\/lock4safe.com\\\/?s={search_term_string}\"},\"query-input\":{\"@type\":\"PropertyValueSpecification\",\"valueRequired\":true,\"valueName\":\"search_term_string\"}}],\"inLanguage\":\"en-US\"}]}<\/script>\n<!-- \/ Yoast SEO plugin. -->","yoast_head_json":{"title":"Redundant safe locks | Lock4Safe","description":"Lock4Safe - The redundant safe lock DUET: combines a mechanical 4-wheel combination lock and an electronic lock in one housing.","robots":{"index":"index","follow":"follow","max-snippet":"max-snippet:-1","max-image-preview":"max-image-preview:large","max-video-preview":"max-video-preview:-1"},"canonical":"https:\/\/lock4safe.com\/en\/redundant-safe-locks\/","og_locale":"en_US","og_type":"article","og_title":"Redundant safe locks | Lock4Safe","og_description":"Lock4Safe - The redundant safe lock DUET: combines a mechanical 4-wheel combination lock and an electronic lock in one housing.","og_url":"https:\/\/lock4safe.com\/en\/redundant-safe-locks\/","og_site_name":"Lock4Safe | Tresorschl\u00f6sser und Sicherheitstechnik f\u00fcr Tresore","article_modified_time":"2024-06-25T08:38:40+00:00","og_image":[{"width":1667,"height":1667,"url":"https:\/\/lock4safe.com\/wp-content\/uploads\/2020\/01\/DI2015-1.jpg","type":"image\/jpeg"}],"twitter_card":"summary_large_image","twitter_misc":{"Est. reading time":"1 minute"},"schema":{"@context":"https:\/\/schema.org","@graph":[{"@type":"WebPage","@id":"https:\/\/lock4safe.com\/en\/redundant-safe-locks\/","url":"https:\/\/lock4safe.com\/en\/redundant-safe-locks\/","name":"Redundant safe locks | Lock4Safe","isPartOf":{"@id":"https:\/\/lock4safe.com\/#website"},"primaryImageOfPage":{"@id":"https:\/\/lock4safe.com\/en\/redundant-safe-locks\/#primaryimage"},"image":{"@id":"https:\/\/lock4safe.com\/en\/redundant-safe-locks\/#primaryimage"},"thumbnailUrl":"https:\/\/lock4safe.com\/wp-content\/uploads\/2020\/01\/DI2015-1.jpg","datePublished":"2023-05-16T14:01:32+00:00","dateModified":"2024-06-25T08:38:40+00:00","description":"Lock4Safe - The redundant safe lock DUET: combines a mechanical 4-wheel combination lock and an electronic lock in one housing.","breadcrumb":{"@id":"https:\/\/lock4safe.com\/en\/redundant-safe-locks\/#breadcrumb"},"inLanguage":"en-US","potentialAction":[{"@type":"ReadAction","target":["https:\/\/lock4safe.com\/en\/redundant-safe-locks\/"]}]},{"@type":"ImageObject","inLanguage":"en-US","@id":"https:\/\/lock4safe.com\/en\/redundant-safe-locks\/#primaryimage","url":"https:\/\/lock4safe.com\/wp-content\/uploads\/2020\/01\/DI2015-1.jpg","contentUrl":"https:\/\/lock4safe.com\/wp-content\/uploads\/2020\/01\/DI2015-1.jpg","width":1667,"height":1667,"caption":"DUET, plastic: Art.: DI2015"},{"@type":"BreadcrumbList","@id":"https:\/\/lock4safe.com\/en\/redundant-safe-locks\/#breadcrumb","itemListElement":[{"@type":"ListItem","position":1,"name":"Startseite","item":"https:\/\/lock4safe.com\/en\/safe-locks-and-security-systems\/"},{"@type":"ListItem","position":2,"name":"Redundant safe locks"}]},{"@type":"WebSite","@id":"https:\/\/lock4safe.com\/#website","url":"https:\/\/lock4safe.com\/","name":"Lock4Safe | Tresorschl\u00f6sser und Sicherheitstechnik f\u00fcr Tresore","description":"Elektronische Tresorschl\u00f6sser - Mechanische Tresorchl\u00f6sser - Tresorschlosszubeh\u00f6r - Sicherheitstechnik \u2013 Tresorumr\u00fcstung","potentialAction":[{"@type":"SearchAction","target":{"@type":"EntryPoint","urlTemplate":"https:\/\/lock4safe.com\/?s={search_term_string}"},"query-input":{"@type":"PropertyValueSpecification","valueRequired":true,"valueName":"search_term_string"}}],"inLanguage":"en-US"}]}},"_links":{"self":[{"href":"https:\/\/lock4safe.com\/en\/wp-json\/wp\/v2\/pages\/12298","targetHints":{"allow":["GET"]}}],"collection":[{"href":"https:\/\/lock4safe.com\/en\/wp-json\/wp\/v2\/pages"}],"about":[{"href":"https:\/\/lock4safe.com\/en\/wp-json\/wp\/v2\/types\/page"}],"author":[{"embeddable":true,"href":"https:\/\/lock4safe.com\/en\/wp-json\/wp\/v2\/users\/6"}],"replies":[{"embeddable":true,"href":"https:\/\/lock4safe.com\/en\/wp-json\/wp\/v2\/comments?post=12298"}],"version-history":[{"count":4,"href":"https:\/\/lock4safe.com\/en\/wp-json\/wp\/v2\/pages\/12298\/revisions"}],"predecessor-version":[{"id":13867,"href":"https:\/\/lock4safe.com\/en\/wp-json\/wp\/v2\/pages\/12298\/revisions\/13867"}],"wp:featuredmedia":[{"embeddable":true,"href":"https:\/\/lock4safe.com\/en\/wp-json\/wp\/v2\/media\/8507"}],"wp:attachment":[{"href":"https:\/\/lock4safe.com\/en\/wp-json\/wp\/v2\/media?parent=12298"}],"curies":[{"name":"wp","href":"https:\/\/api.w.org\/{rel}","templated":true}]}}