{"id":11636,"date":"2022-12-06T14:36:14","date_gmt":"2022-12-06T13:36:14","guid":{"rendered":"https:\/\/lock4safe.com\/?page_id=11636"},"modified":"2024-12-12T15:58:05","modified_gmt":"2024-12-12T14:58:05","slug":"contact","status":"publish","type":"page","link":"https:\/\/lock4safe.com\/en\/contact\/","title":{"rendered":"Contact"},"content":{"rendered":"\n<style type=\"text\/css\" data-created_by=\"avia_inline_auto\" id=\"style-css-av-m4jz4qpg-19e5b4657c90e062f437796b809d06f4\">\n#top .av-special-heading.av-m4jz4qpg-19e5b4657c90e062f437796b809d06f4{\npadding-bottom:10px;\n}\nbody .av-special-heading.av-m4jz4qpg-19e5b4657c90e062f437796b809d06f4 .av-special-heading-tag .heading-char{\nfont-size:25px;\n}\n.av-special-heading.av-m4jz4qpg-19e5b4657c90e062f437796b809d06f4 .av-subheading{\nfont-size:15px;\n}\n<\/style>\n<div  class='av-special-heading av-m4jz4qpg-19e5b4657c90e062f437796b809d06f4 av-special-heading-h1  avia-builder-el-0  el_before_av_textblock  avia-builder-el-first '><h1 class='av-special-heading-tag '  itemprop=\"headline\"  >We\u2019ll be happy to help you personally!<\/h1><div class=\"special-heading-border\"><div class=\"special-heading-inner-border\"><\/div><\/div><\/div>\n<section  class='av_textblock_section av-m4jz4xg4-831dd5b73be20388ccebad1cf42f679f '   itemscope=\"itemscope\" itemtype=\"https:\/\/schema.org\/CreativeWork\" ><div class='avia_textblock'  itemprop=\"text\" ><h2><br class=\"avia-permanent-lb\" \/>Let&#8217;s talk! <br class=\"avia-permanent-lb\" \/><br class=\"avia-permanent-lb\" \/><br class=\"avia-permanent-lb\" \/><\/h2>\n<\/div><\/section>\n\n<style type=\"text\/css\" data-created_by=\"avia_inline_auto\" id=\"style-css-av-av_one_third-94514bec781ac67ed8875d1499e7d3a8\">\n.flex_column.av-av_one_third-94514bec781ac67ed8875d1499e7d3a8{\nwidth:26.6666666667%;\n}\n<\/style>\n<div  class='flex_column av-av_one_third-94514bec781ac67ed8875d1499e7d3a8 av_one_third  avia-builder-el-2  el_after_av_textblock  el_before_av_one_third  first flex_column_div  column-top-margin'     ><section  class='av_textblock_section av-m4jz5dcn-6e7ebdbfdc666fcd9587b93519931cec '   itemscope=\"itemscope\" itemtype=\"https:\/\/schema.org\/CreativeWork\" ><div class='avia_textblock'  itemprop=\"text\" ><h3>Safe lock advice \/ technical support<\/h3>\n<\/div><\/section><br \/>\n\n<style type=\"text\/css\" data-created_by=\"avia_inline_auto\" id=\"style-css-av-m4jz6dum-82dab8db52e57c00beed2a7b1167bf4a\">\n.avia-team-member.av-m4jz6dum-82dab8db52e57c00beed2a7b1167bf4a .avia-team-icon{\ncolor:#002c57;\n}\n.avia-team-member.av-m4jz6dum-82dab8db52e57c00beed2a7b1167bf4a .avia-team-icon.avia-svg-icon svg:first-child{\nfill:#002c57;\nstroke:#002c57;\n}\n<\/style>\n<section  class='avia-team-member av-m4jz6dum-82dab8db52e57c00beed2a7b1167bf4a  avia-builder-el-4  el_after_av_textblock  el_before_av_hr '  itemscope=\"itemscope\" itemtype=\"https:\/\/schema.org\/Person\" ><div class=\"team-img-container\"><img decoding=\"async\" loading=\"lazy\" class='wp-image-15237 avia-img-lazy-loading-15237 avia_image avia_image_team' src=\"https:\/\/lock4safe.com\/wp-content\/uploads\/2024\/11\/Michael300x300-180x180.jpg\" alt='Michael Alt'  itemprop=\"image\"   height=\"180\" width=\"180\" srcset=\"https:\/\/lock4safe.com\/wp-content\/uploads\/2024\/11\/Michael300x300-180x180.jpg 180w, https:\/\/lock4safe.com\/wp-content\/uploads\/2024\/11\/Michael300x300-300x300.jpg 300w, https:\/\/lock4safe.com\/wp-content\/uploads\/2024\/11\/Michael300x300-80x80.jpg 80w, https:\/\/lock4safe.com\/wp-content\/uploads\/2024\/11\/Michael300x300-36x36.jpg 36w, https:\/\/lock4safe.com\/wp-content\/uploads\/2024\/11\/Michael300x300.jpg 625w\" sizes=\"auto, (max-width: 180px) 100vw, 180px\" \/><div class=\"team-social\"><div class=\"team-social-inner\"><span class='hidden av_member_url_markup '  itemprop=\"email\" >mailto:michael@lock4safe.com<\/span><a href='mailto:michael@lock4safe.com' class='avia-team-icon av-av_team_icon-ce6df8811f1c5ac032b13942e0b44db4 avia-iconfont avia-font-entypo-fontello' rel='v:url' data-avia-tooltip=\"E-Mail an Michael\"  data-av_icon='\ue805' data-av_iconfont='entypo-fontello' ><\/a><span class='hidden av_member_url_markup '  itemprop=\"url\" >tel:+4928219736912<\/span><a href='tel:+4928219736912' class='avia-team-icon av-av_team_icon-9569c45ebb565f9093dd03af4de124fa avia-iconfont avia-font-entypo-fontello' rel='v:url' data-avia-tooltip=\"Michael anrufen\"  data-av_icon='\ue854' data-av_iconfont='entypo-fontello' ><\/a><\/div><\/div><\/div><h3 class='team-member-name '  itemprop=\"name\" >Michael Alt<\/h3><div class='team-member-job-title '  itemprop=\"jobTitle\" >Advice \/ Support <\/div><span class='hidden team-member-affiliation'  itemprop=\"affiliation\" >Lock4Safe | Tresorschl\u00f6sser und Sicherheitstechnik f\u00fcr Tresore<\/span><\/section><br \/>\n\n<style type=\"text\/css\" data-created_by=\"avia_inline_auto\" id=\"style-css-av-av_hr-591dc7691ecfe657d77e8d59606a38f2\">\n.hr.av-av_hr-591dc7691ecfe657d77e8d59606a38f2 .hr-inner{\nborder-color:#002c57;\nmax-width:45%;\n}\n<\/style>\n<div  class='hr av-av_hr-591dc7691ecfe657d77e8d59606a38f2 hr-custom  avia-builder-el-5  el_after_av_team_member  el_before_av_textblock  hr-center hr-icon-yes'><span class='hr-inner inner-border-av-border-thin'><span class=\"hr-inner-style\"><\/span><\/span><span class='av-seperator-icon avia-iconfont avia-font-entypo-fontello' data-av_icon='\ue80b' data-av_iconfont='entypo-fontello' ><\/span><span class='hr-inner inner-border-av-border-thin'><span class=\"hr-inner-style\"><\/span><\/span><\/div><br \/>\n<section  class='av_textblock_section av-m4jz5umj-346eff1c8bcda72d6939dccd15cc35bf '   itemscope=\"itemscope\" itemtype=\"https:\/\/schema.org\/CreativeWork\" ><div class='avia_textblock'  itemprop=\"text\" ><p><br class=\"avia-permanent-lb\" \/>As a specialist in safe locks, I can support you with technical expertise in questions relating to the operation, installation and use of our products. Contact me for your customized solution. <br class=\"avia-permanent-lb\" \/><br class=\"avia-permanent-lb\" \/><strong>Give me a call:<br \/>\n<a href=\"tel:+4928219736912\">+49 2821 97369-12<\/a> <br class=\"avia-permanent-lb\" \/><br class=\"avia-permanent-lb\" \/>Write to me:<br \/>\n<a href=\"mailto:michael@lock4safe.com\">michael@lock4safe.com<\/a><\/strong><\/p>\n<\/div><\/section><br \/>\n<div  class='hr av-av_hr-91d7ccd583a503147498e120fee2ff9b hr-default  avia-builder-el-7  el_after_av_textblock  avia-builder-el-last '><span class='hr-inner '><span class=\"hr-inner-style\"><\/span><\/span><\/div><\/p><\/div>\n\n<style type=\"text\/css\" data-created_by=\"avia_inline_auto\" id=\"style-css-av-av_one_third-9b282f2ca41a15a00491f6732764c43a\">\n.flex_column.av-av_one_third-9b282f2ca41a15a00491f6732764c43a{\nwidth:26.6666666667%;\nmargin-left:10%;\n}\n<\/style>\n<div  class='flex_column av-av_one_third-9b282f2ca41a15a00491f6732764c43a av_one_third  avia-builder-el-8  el_after_av_one_third  el_before_av_one_third  flex_column_div  column-top-margin'     ><section  class='av_textblock_section av-m4jz6667-d2306c4efd3b7a94c2fa77495159d017 '   itemscope=\"itemscope\" itemtype=\"https:\/\/schema.org\/CreativeWork\" ><div class='avia_textblock'  itemprop=\"text\" ><h3>General questions about orders \/ invoices<\/h3>\n<\/div><\/section><br \/>\n\n<style type=\"text\/css\" data-created_by=\"avia_inline_auto\" id=\"style-css-av-m4jz6u0b-982ff90daf11822618038523f31e9ce1\">\n.avia-team-member.av-m4jz6u0b-982ff90daf11822618038523f31e9ce1 .avia-team-icon{\ncolor:#002c57;\n}\n.avia-team-member.av-m4jz6u0b-982ff90daf11822618038523f31e9ce1 .avia-team-icon.avia-svg-icon svg:first-child{\nfill:#002c57;\nstroke:#002c57;\n}\n<\/style>\n<section  class='avia-team-member av-m4jz6u0b-982ff90daf11822618038523f31e9ce1  avia-builder-el-10  el_after_av_textblock  el_before_av_hr '  itemscope=\"itemscope\" itemtype=\"https:\/\/schema.org\/Person\" ><div class=\"team-img-container\"><img decoding=\"async\" fetchpriority=\"high\" class='wp-image-16184 avia-img-lazy-loading-not-16184 avia_image avia_image_team' src=\"https:\/\/lock4safe.com\/wp-content\/uploads\/2024\/12\/Ludwig300x300-180x180.jpg\" alt='Mario Groesdonk'  itemprop=\"image\"   height=\"180\" width=\"180\" srcset=\"https:\/\/lock4safe.com\/wp-content\/uploads\/2024\/12\/Ludwig300x300-180x180.jpg 180w, https:\/\/lock4safe.com\/wp-content\/uploads\/2024\/12\/Ludwig300x300-300x300.jpg 300w, https:\/\/lock4safe.com\/wp-content\/uploads\/2024\/12\/Ludwig300x300-80x80.jpg 80w, https:\/\/lock4safe.com\/wp-content\/uploads\/2024\/12\/Ludwig300x300-36x36.jpg 36w, https:\/\/lock4safe.com\/wp-content\/uploads\/2024\/12\/Ludwig300x300.jpg 625w\" sizes=\"(max-width: 180px) 100vw, 180px\" \/><div class=\"team-social\"><div class=\"team-social-inner\"><span class='hidden av_member_url_markup '  itemprop=\"email\" >mailto:service@lock4safe.com<\/span><a href='mailto:service@lock4safe.com' class='avia-team-icon av-av_team_icon-3512a48f7b9843694605c9922b7be930 avia-iconfont avia-font-entypo-fontello' rel='v:url' data-avia-tooltip=\"E-Mail an Mario\"  data-av_icon='\ue805' data-av_iconfont='entypo-fontello' ><\/a><span class='hidden av_member_url_markup '  itemprop=\"url\" >tel:+4928219736911<\/span><a href='tel:+4928219736911' class='avia-team-icon av-av_team_icon-c87e98c3956f115d8addfc611832e79e avia-iconfont avia-font-entypo-fontello' rel='v:url' data-avia-tooltip=\"Mario anrufen\"  data-av_icon='\ue854' data-av_iconfont='entypo-fontello' ><\/a><\/div><\/div><\/div><h3 class='team-member-name '  itemprop=\"name\" >Mario Groesdonk<\/h3><div class='team-member-job-title '  itemprop=\"jobTitle\" >General questions<\/div><span class='hidden team-member-affiliation'  itemprop=\"affiliation\" >Lock4Safe | Tresorschl\u00f6sser und Sicherheitstechnik f\u00fcr Tresore<\/span><\/section><br \/>\n\n<style type=\"text\/css\" data-created_by=\"avia_inline_auto\" id=\"style-css-av-av_hr-591dc7691ecfe657d77e8d59606a38f2\">\n.hr.av-av_hr-591dc7691ecfe657d77e8d59606a38f2 .hr-inner{\nborder-color:#002c57;\nmax-width:45%;\n}\n<\/style>\n<div  class='hr av-av_hr-591dc7691ecfe657d77e8d59606a38f2 hr-custom  avia-builder-el-11  el_after_av_team_member  el_before_av_textblock  hr-center hr-icon-yes'><span class='hr-inner inner-border-av-border-thin'><span class=\"hr-inner-style\"><\/span><\/span><span class='av-seperator-icon avia-iconfont avia-font-entypo-fontello' data-av_icon='\ue80b' data-av_iconfont='entypo-fontello' ><\/span><span class='hr-inner inner-border-av-border-thin'><span class=\"hr-inner-style\"><\/span><\/span><\/div><br \/>\n<section  class='av_textblock_section av-m4jz7e44-e57548283fc3015f97168a8d3059fccc '   itemscope=\"itemscope\" itemtype=\"https:\/\/schema.org\/CreativeWork\" ><div class='avia_textblock'  itemprop=\"text\" ><p><br class=\"avia-permanent-lb\" \/>I am happy to help you with general questions about orders, invoices or other concerns. Get in touch with me &#8211; I am here for you personally. <br class=\"avia-permanent-lb\" \/><br class=\"avia-permanent-lb\" \/><strong>Give me a call:<br \/>\n<a href=\"tel:+4928219736911\">+49 2821 97369-11<\/a> <br class=\"avia-permanent-lb\" \/><br class=\"avia-permanent-lb\" \/>Write to me:<br \/>\n<a href=\"mailto:service@lock4safe.com\">service@lock4safe.com<\/a><\/strong><\/p>\n<\/div><\/section><br \/>\n<div  class='hr av-av_hr-91d7ccd583a503147498e120fee2ff9b hr-default  avia-builder-el-13  el_after_av_textblock  avia-builder-el-last '><span class='hr-inner '><span class=\"hr-inner-style\"><\/span><\/span><\/div><\/p><\/div>\n\n<style type=\"text\/css\" data-created_by=\"avia_inline_auto\" id=\"style-css-av-av_one_third-538dd737667e19053994a94b9156413b\">\n.flex_column.av-av_one_third-538dd737667e19053994a94b9156413b{\nwidth:26.6666666667%;\nmargin-left:10%;\n}\n<\/style>\n<div  class='flex_column av-av_one_third-538dd737667e19053994a94b9156413b av_one_third  avia-builder-el-14  el_after_av_one_third  el_before_av_hr  flex_column_div  column-top-margin'     ><section  class='av_textblock_section av-m4jz86se-43fa702b6c3709b0a5399a50c05b077b '   itemscope=\"itemscope\" itemtype=\"https:\/\/schema.org\/CreativeWork\" ><div class='avia_textblock'  itemprop=\"text\" ><h3>We look forward to your visit!<br \/>\nYour way to Lock4Safe<br class=\"avia-permanent-lb\" \/><br class=\"avia-permanent-lb\" \/><\/h3>\n<\/div><\/section><br \/>\n\n<style type=\"text\/css\" data-created_by=\"avia_inline_auto\" id=\"style-css-av-m4lfxmol-26dc5b8e4884665b56310a7c10847180\">\n.avia-image-container.av-m4lfxmol-26dc5b8e4884665b56310a7c10847180 img.avia_image{\nbox-shadow:none;\n}\n.avia-image-container.av-m4lfxmol-26dc5b8e4884665b56310a7c10847180 .av-image-caption-overlay-center{\ncolor:#ffffff;\n}\n<\/style>\n<div  class='avia-image-container av-m4lfxmol-26dc5b8e4884665b56310a7c10847180 av-styling- avia-align-center  avia-builder-el-16  el_after_av_textblock  el_before_av_textblock '   itemprop=\"image\" itemscope=\"itemscope\" itemtype=\"https:\/\/schema.org\/ImageObject\" ><div class=\"avia-image-container-inner\"><div class=\"avia-image-overlay-wrap\"><img decoding=\"async\" fetchpriority=\"high\" class='wp-image-16321 avia-img-lazy-loading-not-16321 avia_image ' src=\"https:\/\/lock4safe.com\/wp-content\/uploads\/2024\/12\/L4S300x300-1030x1030.jpg\" alt='' title='L4S300x300'  height=\"1030\" width=\"1030\"  itemprop=\"thumbnailUrl\" srcset=\"https:\/\/lock4safe.com\/wp-content\/uploads\/2024\/12\/L4S300x300-1030x1030.jpg 1030w, https:\/\/lock4safe.com\/wp-content\/uploads\/2024\/12\/L4S300x300-300x300.jpg 300w, https:\/\/lock4safe.com\/wp-content\/uploads\/2024\/12\/L4S300x300-80x80.jpg 80w, https:\/\/lock4safe.com\/wp-content\/uploads\/2024\/12\/L4S300x300-768x768.jpg 768w, https:\/\/lock4safe.com\/wp-content\/uploads\/2024\/12\/L4S300x300-36x36.jpg 36w, https:\/\/lock4safe.com\/wp-content\/uploads\/2024\/12\/L4S300x300-180x180.jpg 180w, https:\/\/lock4safe.com\/wp-content\/uploads\/2024\/12\/L4S300x300-705x705.jpg 705w, https:\/\/lock4safe.com\/wp-content\/uploads\/2024\/12\/L4S300x300.jpg 1250w\" sizes=\"(max-width: 1030px) 100vw, 1030px\" \/><\/div><\/div><\/div><br \/>\n<section  class='av_textblock_section av-m4jz8uoa-64770a803b3472462d4dfb7d3aa4caaf '   itemscope=\"itemscope\" itemtype=\"https:\/\/schema.org\/CreativeWork\" ><div class='avia_textblock'  itemprop=\"text\" ><p>Lock4Safe B.V.<br \/>\nWarehouse Germany<br \/>\n47533 Kleve<br \/>\nGermany<\/p>\n<\/div><\/section><\/p><\/div><div  class='hr av-av_hr-91d7ccd583a503147498e120fee2ff9b hr-default  avia-builder-el-18  el_after_av_one_third  el_before_av_one_full '><span class='hr-inner '><span class=\"hr-inner-style\"><\/span><\/span><\/div><\/p>\n<div  class='flex_column av-av_one_full-a2cef933b0a555f25d1e39b22a8e9dae av_one_full  avia-builder-el-19  el_after_av_hr  avia-builder-el-last  first flex_column_div  '     ><div  class='av-social-sharing-box av-av_social_share-fc102c7a586b672ddc132be8257dc475 av-social-sharing-box-icon-simple  avia-builder-el-20  avia-builder-el-no-sibling  av-social-sharing-box-same-width av-social-sharing-center'><div class=\"av-share-box\"><ul class=\"av-share-box-list noLightbox\"><li class='av-share-link av-social-link-facebook avia_social_iconfont' ><a target=\"_blank\" aria-label=\"Link to Facebook\" href='https:\/\/www.facebook.com\/Lock4SafeSafeLocks\/' data-av_icon='\ue8f3' data-av_iconfont='entypo-fontello'  title='' data-avia-related-tooltip='Link to Facebook'><span class='avia_hidden_link_text'>Link to Facebook<\/span><\/a><\/li><li class='av-share-link av-social-link-whatsapp avia_social_iconfont' ><a target=\"_blank\" aria-label=\"Link to WhatsApp\" href='https:\/\/wa.me\/+4928219736920' data-av_icon='\uf232' data-av_iconfont='entypo-fontello'  title='' data-avia-related-tooltip='Link to WhatsApp'><span class='avia_hidden_link_text'>Link to WhatsApp<\/span><\/a><\/li><li class='av-share-link av-social-link-linkedin avia_social_iconfont' ><a target=\"_blank\" aria-label=\"Link to LinkedIn\" href='https:\/\/www.linkedin.com\/company\/74769898' data-av_icon='\ue8fc' data-av_iconfont='entypo-fontello'  title='' data-avia-related-tooltip='Link to LinkedIn'><span class='avia_hidden_link_text'>Link to LinkedIn<\/span><\/a><\/li><li class='av-share-link av-social-link-instagram avia_social_iconfont' ><a target=\"_blank\" aria-label=\"Link to Instagram\" href='https:\/\/www.instagram.com\/lock4safe\/' data-av_icon='\uf16d' data-av_iconfont='entypo-fontello'  title='' data-avia-related-tooltip='Link to Instagram'><span class='avia_hidden_link_text'>Link to Instagram<\/span><\/a><\/li><\/ul><\/div><\/div><\/div>\n","protected":false},"excerpt":{"rendered":"","protected":false},"author":6,"featured_media":0,"parent":0,"menu_order":0,"comment_status":"open","ping_status":"closed","template":"","meta":{"_monsterinsights_skip_tracking":false,"_monsterinsights_sitenote_active":false,"_monsterinsights_sitenote_note":"","_monsterinsights_sitenote_category":0,"footnotes":""},"class_list":["post-11636","page","type-page","status-publish","hentry"],"yoast_head":"<!-- This site is optimized with the Yoast SEO plugin v27.3 - https:\/\/yoast.com\/product\/yoast-seo-wordpress\/ -->\n<title>Contact - Lock4Safe | Tresorschl\u00f6sser und Sicherheitstechnik f\u00fcr Tresore<\/title>\n<meta name=\"robots\" content=\"index, follow, max-snippet:-1, max-image-preview:large, max-video-preview:-1\" \/>\n<link rel=\"canonical\" href=\"https:\/\/lock4safe.com\/en\/contact\/\" \/>\n<meta property=\"og:locale\" content=\"en_US\" \/>\n<meta property=\"og:type\" content=\"article\" \/>\n<meta property=\"og:title\" content=\"Contact - Lock4Safe | Tresorschl\u00f6sser und Sicherheitstechnik f\u00fcr Tresore\" \/>\n<meta property=\"og:url\" content=\"https:\/\/lock4safe.com\/en\/contact\/\" \/>\n<meta property=\"og:site_name\" content=\"Lock4Safe | Tresorschl\u00f6sser und Sicherheitstechnik f\u00fcr Tresore\" \/>\n<meta property=\"article:modified_time\" content=\"2024-12-12T14:58:05+00:00\" \/>\n<meta name=\"twitter:card\" content=\"summary_large_image\" \/>\n<meta name=\"twitter:label1\" content=\"Est. reading time\" \/>\n\t<meta name=\"twitter:data1\" content=\"2 minutes\" \/>\n<script type=\"application\/ld+json\" class=\"yoast-schema-graph\">{\"@context\":\"https:\\\/\\\/schema.org\",\"@graph\":[{\"@type\":\"WebPage\",\"@id\":\"https:\\\/\\\/lock4safe.com\\\/en\\\/contact\\\/\",\"url\":\"https:\\\/\\\/lock4safe.com\\\/en\\\/contact\\\/\",\"name\":\"Contact - Lock4Safe | Tresorschl\u00f6sser und Sicherheitstechnik f\u00fcr Tresore\",\"isPartOf\":{\"@id\":\"https:\\\/\\\/lock4safe.com\\\/#website\"},\"datePublished\":\"2022-12-06T13:36:14+00:00\",\"dateModified\":\"2024-12-12T14:58:05+00:00\",\"breadcrumb\":{\"@id\":\"https:\\\/\\\/lock4safe.com\\\/en\\\/contact\\\/#breadcrumb\"},\"inLanguage\":\"en-US\",\"potentialAction\":[{\"@type\":\"ReadAction\",\"target\":[\"https:\\\/\\\/lock4safe.com\\\/en\\\/contact\\\/\"]}]},{\"@type\":\"BreadcrumbList\",\"@id\":\"https:\\\/\\\/lock4safe.com\\\/en\\\/contact\\\/#breadcrumb\",\"itemListElement\":[{\"@type\":\"ListItem\",\"position\":1,\"name\":\"Startseite\",\"item\":\"https:\\\/\\\/lock4safe.com\\\/en\\\/safe-locks-and-security-systems\\\/\"},{\"@type\":\"ListItem\",\"position\":2,\"name\":\"Contact\"}]},{\"@type\":\"WebSite\",\"@id\":\"https:\\\/\\\/lock4safe.com\\\/#website\",\"url\":\"https:\\\/\\\/lock4safe.com\\\/\",\"name\":\"Lock4Safe | Tresorschl\u00f6sser und Sicherheitstechnik f\u00fcr Tresore\",\"description\":\"Elektronische Tresorschl\u00f6sser - Mechanische Tresorchl\u00f6sser - Tresorschlosszubeh\u00f6r - Sicherheitstechnik \u2013 Tresorumr\u00fcstung\",\"potentialAction\":[{\"@type\":\"SearchAction\",\"target\":{\"@type\":\"EntryPoint\",\"urlTemplate\":\"https:\\\/\\\/lock4safe.com\\\/?s={search_term_string}\"},\"query-input\":{\"@type\":\"PropertyValueSpecification\",\"valueRequired\":true,\"valueName\":\"search_term_string\"}}],\"inLanguage\":\"en-US\"}]}<\/script>\n<!-- \/ Yoast SEO plugin. -->","yoast_head_json":{"title":"Contact - Lock4Safe | Tresorschl\u00f6sser und Sicherheitstechnik f\u00fcr Tresore","robots":{"index":"index","follow":"follow","max-snippet":"max-snippet:-1","max-image-preview":"max-image-preview:large","max-video-preview":"max-video-preview:-1"},"canonical":"https:\/\/lock4safe.com\/en\/contact\/","og_locale":"en_US","og_type":"article","og_title":"Contact - Lock4Safe | Tresorschl\u00f6sser und Sicherheitstechnik f\u00fcr Tresore","og_url":"https:\/\/lock4safe.com\/en\/contact\/","og_site_name":"Lock4Safe | Tresorschl\u00f6sser und Sicherheitstechnik f\u00fcr Tresore","article_modified_time":"2024-12-12T14:58:05+00:00","twitter_card":"summary_large_image","twitter_misc":{"Est. reading time":"2 minutes"},"schema":{"@context":"https:\/\/schema.org","@graph":[{"@type":"WebPage","@id":"https:\/\/lock4safe.com\/en\/contact\/","url":"https:\/\/lock4safe.com\/en\/contact\/","name":"Contact - Lock4Safe | Tresorschl\u00f6sser und Sicherheitstechnik f\u00fcr Tresore","isPartOf":{"@id":"https:\/\/lock4safe.com\/#website"},"datePublished":"2022-12-06T13:36:14+00:00","dateModified":"2024-12-12T14:58:05+00:00","breadcrumb":{"@id":"https:\/\/lock4safe.com\/en\/contact\/#breadcrumb"},"inLanguage":"en-US","potentialAction":[{"@type":"ReadAction","target":["https:\/\/lock4safe.com\/en\/contact\/"]}]},{"@type":"BreadcrumbList","@id":"https:\/\/lock4safe.com\/en\/contact\/#breadcrumb","itemListElement":[{"@type":"ListItem","position":1,"name":"Startseite","item":"https:\/\/lock4safe.com\/en\/safe-locks-and-security-systems\/"},{"@type":"ListItem","position":2,"name":"Contact"}]},{"@type":"WebSite","@id":"https:\/\/lock4safe.com\/#website","url":"https:\/\/lock4safe.com\/","name":"Lock4Safe | Tresorschl\u00f6sser und Sicherheitstechnik f\u00fcr Tresore","description":"Elektronische Tresorschl\u00f6sser - Mechanische Tresorchl\u00f6sser - Tresorschlosszubeh\u00f6r - Sicherheitstechnik \u2013 Tresorumr\u00fcstung","potentialAction":[{"@type":"SearchAction","target":{"@type":"EntryPoint","urlTemplate":"https:\/\/lock4safe.com\/?s={search_term_string}"},"query-input":{"@type":"PropertyValueSpecification","valueRequired":true,"valueName":"search_term_string"}}],"inLanguage":"en-US"}]}},"_links":{"self":[{"href":"https:\/\/lock4safe.com\/en\/wp-json\/wp\/v2\/pages\/11636","targetHints":{"allow":["GET"]}}],"collection":[{"href":"https:\/\/lock4safe.com\/en\/wp-json\/wp\/v2\/pages"}],"about":[{"href":"https:\/\/lock4safe.com\/en\/wp-json\/wp\/v2\/types\/page"}],"author":[{"embeddable":true,"href":"https:\/\/lock4safe.com\/en\/wp-json\/wp\/v2\/users\/6"}],"replies":[{"embeddable":true,"href":"https:\/\/lock4safe.com\/en\/wp-json\/wp\/v2\/comments?post=11636"}],"version-history":[{"count":16,"href":"https:\/\/lock4safe.com\/en\/wp-json\/wp\/v2\/pages\/11636\/revisions"}],"predecessor-version":[{"id":16323,"href":"https:\/\/lock4safe.com\/en\/wp-json\/wp\/v2\/pages\/11636\/revisions\/16323"}],"wp:attachment":[{"href":"https:\/\/lock4safe.com\/en\/wp-json\/wp\/v2\/media?parent=11636"}],"curies":[{"name":"wp","href":"https:\/\/api.w.org\/{rel}","templated":true}]}}