{"id":11549,"date":"2022-12-06T13:24:13","date_gmt":"2022-12-06T12:24:13","guid":{"rendered":"https:\/\/lock4safe.com\/?page_id=11549"},"modified":"2022-12-06T14:31:43","modified_gmt":"2022-12-06T13:31:43","slug":"lock4safe-newsletter","status":"publish","type":"page","link":"https:\/\/lock4safe.com\/en\/lock4safe-newsletter\/","title":{"rendered":"Lock4Safe newsletter"},"content":{"rendered":"<div id='av_section_1'  class='avia-section av-av_section-bf2feed6c9c04b7d658e20316e10155e main_color avia-section-huge avia-no-shadow  avia-builder-el-0  avia-builder-el-no-sibling  avia-bg-style-scroll container_wrap fullsize'  ><div class='container av-section-cont-open' ><main  role=\"main\" itemprop=\"mainContentOfPage\"  class='template-page content  av-content-full alpha units'><div class='post-entry post-entry-type-page post-entry-9694'><div class='entry-content-wrapper clearfix'>\n\n<style type=\"text\/css\" data-created_by=\"avia_inline_auto\" id=\"style-css-av-av_image-62cdf463a4e09bddd45c9f22358473bd\">\n.avia-image-container.av-av_image-62cdf463a4e09bddd45c9f22358473bd img.avia_image{\nbox-shadow:none;\n}\n.avia-image-container.av-av_image-62cdf463a4e09bddd45c9f22358473bd .av-image-caption-overlay-center{\ncolor:#ffffff;\n}\n<\/style>\n<div  class='avia-image-container av-av_image-62cdf463a4e09bddd45c9f22358473bd av-styling- avia-align-center  avia-builder-el-1  el_before_av_textblock  avia-builder-el-first '   itemprop=\"image\" itemscope=\"itemscope\" itemtype=\"https:\/\/schema.org\/ImageObject\" ><div class=\"avia-image-container-inner\"><div class=\"avia-image-overlay-wrap\"><img decoding=\"async\" fetchpriority=\"high\" class='wp-image-11540 avia-img-lazy-loading-not-11540 avia_image ' src=\"https:\/\/lock4safe.com\/wp-content\/uploads\/2022\/12\/titelbild_newsletter-495x400.jpg\" alt='Lock4Safe-Newsletter' title='titelbild_newsletter'  height=\"400\" width=\"495\"  itemprop=\"thumbnailUrl\" srcset=\"https:\/\/lock4safe.com\/wp-content\/uploads\/2022\/12\/titelbild_newsletter-495x400.jpg 495w, https:\/\/lock4safe.com\/wp-content\/uploads\/2022\/12\/titelbild_newsletter-845x684.jpg 845w\" sizes=\"(max-width: 495px) 100vw, 495px\" \/><\/div><\/div><\/div>\n<section  class='av_textblock_section av-lbc70ptx-656657a9f96674c245126cc3f6802061 '   itemscope=\"itemscope\" itemtype=\"https:\/\/schema.org\/CreativeWork\" ><div class='avia_textblock'  itemprop=\"text\" ><h3 style=\"text-align: center;\"><br class=\"avia-permanent-lb\" \/><br class=\"avia-permanent-lb\" \/>The safe lock specialists inform <br class=\"avia-permanent-lb\" \/><br class=\"avia-permanent-lb\" \/><\/h3>\n<h1 style=\"text-align: center;\">Lock4Safe newsletter<\/h1>\n<h3 style=\"text-align: center;\">Sign up for the Lock4Safe newsletter:<br \/>\nNews, trends and offers regarding smart electronic safe locks, security technology for safes<br \/>\nas well as mechanical safe locks and safe lock accessories.<\/h3>\n<h3 style=\"text-align: center;\"><br class=\"avia-permanent-lb\" \/><br class=\"avia-permanent-lb\" \/><br class=\"avia-permanent-lb\" \/><\/h3>\n<h3 style=\"text-align: center;\"><\/h3>\n<\/div><\/section>\n<div  class='flex_column av-av_one_full-a961ec8c42a44a397321d1a2224da3ca av_one_full  avia-builder-el-3  el_after_av_textblock  avia-builder-el-last  first flex_column_div  column-top-margin'     ><\/div>\n","protected":false},"excerpt":{"rendered":"","protected":false},"author":6,"featured_media":0,"parent":0,"menu_order":0,"comment_status":"open","ping_status":"closed","template":"","meta":{"_monsterinsights_skip_tracking":false,"_monsterinsights_sitenote_active":false,"_monsterinsights_sitenote_note":"","_monsterinsights_sitenote_category":0,"footnotes":""},"class_list":["post-11549","page","type-page","status-publish","hentry"],"yoast_head":"<!-- This site is optimized with the Yoast SEO plugin v27.3 - https:\/\/yoast.com\/product\/yoast-seo-wordpress\/ -->\n<title>Lock4Safe newsletter - Lock4Safe | Tresorschl\u00f6sser und Sicherheitstechnik f\u00fcr Tresore - Mail us your questions and concerns.<\/title>\n<meta name=\"description\" content=\"Lock4Safe - Sign up for the Lock4Safe newsletter. News and trends regarding smart electronic safe locks. Stay tuned!\" \/>\n<meta name=\"robots\" content=\"index, follow, max-snippet:-1, max-image-preview:large, max-video-preview:-1\" \/>\n<link rel=\"canonical\" href=\"https:\/\/lock4safe.com\/en\/lock4safe-newsletter\/\" \/>\n<meta property=\"og:locale\" content=\"en_US\" \/>\n<meta property=\"og:type\" content=\"article\" \/>\n<meta property=\"og:title\" content=\"Lock4Safe newsletter - Lock4Safe | Tresorschl\u00f6sser und Sicherheitstechnik f\u00fcr Tresore - Mail us your questions and concerns.\" \/>\n<meta property=\"og:description\" content=\"Lock4Safe - Sign up for the Lock4Safe newsletter. News and trends regarding smart electronic safe locks. Stay tuned!\" \/>\n<meta property=\"og:url\" content=\"https:\/\/lock4safe.com\/en\/lock4safe-newsletter\/\" \/>\n<meta property=\"og:site_name\" content=\"Lock4Safe | Tresorschl\u00f6sser und Sicherheitstechnik f\u00fcr Tresore\" \/>\n<meta property=\"article:modified_time\" content=\"2022-12-06T13:31:43+00:00\" \/>\n<meta name=\"twitter:card\" content=\"summary_large_image\" \/>\n<meta name=\"twitter:label1\" content=\"Est. reading time\" \/>\n\t<meta name=\"twitter:data1\" content=\"2 minutes\" \/>\n<script type=\"application\/ld+json\" class=\"yoast-schema-graph\">{\"@context\":\"https:\\\/\\\/schema.org\",\"@graph\":[{\"@type\":\"WebPage\",\"@id\":\"https:\\\/\\\/lock4safe.com\\\/en\\\/lock4safe-newsletter\\\/\",\"url\":\"https:\\\/\\\/lock4safe.com\\\/en\\\/lock4safe-newsletter\\\/\",\"name\":\"Lock4Safe newsletter - Lock4Safe | Tresorschl\u00f6sser und Sicherheitstechnik f\u00fcr Tresore - Mail us your questions and concerns.\",\"isPartOf\":{\"@id\":\"https:\\\/\\\/lock4safe.com\\\/#website\"},\"datePublished\":\"2022-12-06T12:24:13+00:00\",\"dateModified\":\"2022-12-06T13:31:43+00:00\",\"description\":\"Lock4Safe - Sign up for the Lock4Safe newsletter. News and trends regarding smart electronic safe locks. Stay tuned!\",\"breadcrumb\":{\"@id\":\"https:\\\/\\\/lock4safe.com\\\/en\\\/lock4safe-newsletter\\\/#breadcrumb\"},\"inLanguage\":\"en-US\",\"potentialAction\":[{\"@type\":\"ReadAction\",\"target\":[\"https:\\\/\\\/lock4safe.com\\\/en\\\/lock4safe-newsletter\\\/\"]}]},{\"@type\":\"BreadcrumbList\",\"@id\":\"https:\\\/\\\/lock4safe.com\\\/en\\\/lock4safe-newsletter\\\/#breadcrumb\",\"itemListElement\":[{\"@type\":\"ListItem\",\"position\":1,\"name\":\"Startseite\",\"item\":\"https:\\\/\\\/lock4safe.com\\\/en\\\/safe-locks-and-security-systems\\\/\"},{\"@type\":\"ListItem\",\"position\":2,\"name\":\"Lock4Safe newsletter\"}]},{\"@type\":\"WebSite\",\"@id\":\"https:\\\/\\\/lock4safe.com\\\/#website\",\"url\":\"https:\\\/\\\/lock4safe.com\\\/\",\"name\":\"Lock4Safe | Tresorschl\u00f6sser und Sicherheitstechnik f\u00fcr Tresore\",\"description\":\"Elektronische Tresorschl\u00f6sser - Mechanische Tresorchl\u00f6sser - Tresorschlosszubeh\u00f6r - Sicherheitstechnik \u2013 Tresorumr\u00fcstung\",\"potentialAction\":[{\"@type\":\"SearchAction\",\"target\":{\"@type\":\"EntryPoint\",\"urlTemplate\":\"https:\\\/\\\/lock4safe.com\\\/?s={search_term_string}\"},\"query-input\":{\"@type\":\"PropertyValueSpecification\",\"valueRequired\":true,\"valueName\":\"search_term_string\"}}],\"inLanguage\":\"en-US\"}]}<\/script>\n<!-- \/ Yoast SEO plugin. -->","yoast_head_json":{"title":"Lock4Safe newsletter - Lock4Safe | Tresorschl\u00f6sser und Sicherheitstechnik f\u00fcr Tresore - Mail us your questions and concerns.","description":"Lock4Safe - Sign up for the Lock4Safe newsletter. News and trends regarding smart electronic safe locks. Stay tuned!","robots":{"index":"index","follow":"follow","max-snippet":"max-snippet:-1","max-image-preview":"max-image-preview:large","max-video-preview":"max-video-preview:-1"},"canonical":"https:\/\/lock4safe.com\/en\/lock4safe-newsletter\/","og_locale":"en_US","og_type":"article","og_title":"Lock4Safe newsletter - Lock4Safe | Tresorschl\u00f6sser und Sicherheitstechnik f\u00fcr Tresore - Mail us your questions and concerns.","og_description":"Lock4Safe - Sign up for the Lock4Safe newsletter. News and trends regarding smart electronic safe locks. Stay tuned!","og_url":"https:\/\/lock4safe.com\/en\/lock4safe-newsletter\/","og_site_name":"Lock4Safe | Tresorschl\u00f6sser und Sicherheitstechnik f\u00fcr Tresore","article_modified_time":"2022-12-06T13:31:43+00:00","twitter_card":"summary_large_image","twitter_misc":{"Est. reading time":"2 minutes"},"schema":{"@context":"https:\/\/schema.org","@graph":[{"@type":"WebPage","@id":"https:\/\/lock4safe.com\/en\/lock4safe-newsletter\/","url":"https:\/\/lock4safe.com\/en\/lock4safe-newsletter\/","name":"Lock4Safe newsletter - Lock4Safe | Tresorschl\u00f6sser und Sicherheitstechnik f\u00fcr Tresore - Mail us your questions and concerns.","isPartOf":{"@id":"https:\/\/lock4safe.com\/#website"},"datePublished":"2022-12-06T12:24:13+00:00","dateModified":"2022-12-06T13:31:43+00:00","description":"Lock4Safe - Sign up for the Lock4Safe newsletter. News and trends regarding smart electronic safe locks. Stay tuned!","breadcrumb":{"@id":"https:\/\/lock4safe.com\/en\/lock4safe-newsletter\/#breadcrumb"},"inLanguage":"en-US","potentialAction":[{"@type":"ReadAction","target":["https:\/\/lock4safe.com\/en\/lock4safe-newsletter\/"]}]},{"@type":"BreadcrumbList","@id":"https:\/\/lock4safe.com\/en\/lock4safe-newsletter\/#breadcrumb","itemListElement":[{"@type":"ListItem","position":1,"name":"Startseite","item":"https:\/\/lock4safe.com\/en\/safe-locks-and-security-systems\/"},{"@type":"ListItem","position":2,"name":"Lock4Safe newsletter"}]},{"@type":"WebSite","@id":"https:\/\/lock4safe.com\/#website","url":"https:\/\/lock4safe.com\/","name":"Lock4Safe | Tresorschl\u00f6sser und Sicherheitstechnik f\u00fcr Tresore","description":"Elektronische Tresorschl\u00f6sser - Mechanische Tresorchl\u00f6sser - Tresorschlosszubeh\u00f6r - Sicherheitstechnik \u2013 Tresorumr\u00fcstung","potentialAction":[{"@type":"SearchAction","target":{"@type":"EntryPoint","urlTemplate":"https:\/\/lock4safe.com\/?s={search_term_string}"},"query-input":{"@type":"PropertyValueSpecification","valueRequired":true,"valueName":"search_term_string"}}],"inLanguage":"en-US"}]}},"_links":{"self":[{"href":"https:\/\/lock4safe.com\/en\/wp-json\/wp\/v2\/pages\/11549","targetHints":{"allow":["GET"]}}],"collection":[{"href":"https:\/\/lock4safe.com\/en\/wp-json\/wp\/v2\/pages"}],"about":[{"href":"https:\/\/lock4safe.com\/en\/wp-json\/wp\/v2\/types\/page"}],"author":[{"embeddable":true,"href":"https:\/\/lock4safe.com\/en\/wp-json\/wp\/v2\/users\/6"}],"replies":[{"embeddable":true,"href":"https:\/\/lock4safe.com\/en\/wp-json\/wp\/v2\/comments?post=11549"}],"version-history":[{"count":5,"href":"https:\/\/lock4safe.com\/en\/wp-json\/wp\/v2\/pages\/11549\/revisions"}],"predecessor-version":[{"id":11630,"href":"https:\/\/lock4safe.com\/en\/wp-json\/wp\/v2\/pages\/11549\/revisions\/11630"}],"wp:attachment":[{"href":"https:\/\/lock4safe.com\/en\/wp-json\/wp\/v2\/media?parent=11549"}],"curies":[{"name":"wp","href":"https:\/\/api.w.org\/{rel}","templated":true}]}}